{"id":8137,"date":"2019-04-05T15:58:15","date_gmt":"2019-04-05T13:58:15","guid":{"rendered":"https:\/\/grupposerafin.it\/prodotti\/polyethylen-rollen\/"},"modified":"2025-11-03T15:42:45","modified_gmt":"2025-11-03T14:42:45","slug":"polyethylen-rollen","status":"publish","type":"product","link":"https:\/\/grupposerafin.it\/de\/sf-packaging-de\/polyethylen-verpackungen\/polyethylen-rollen\/","title":{"rendered":"Polyethylen-Rollen"},"content":{"rendered":"\n<div class=\"wp-block-columns is-layout-flex wp-container-core-columns-is-layout-28f84493 wp-block-columns-is-layout-flex\">\n<div class=\"wp-block-column is-layout-flow wp-block-column-is-layout-flow\">\n<figure class=\"wp-block-image size-large\"><img fetchpriority=\"high\" decoding=\"async\" width=\"819\" height=\"1024\" src=\"https:\/\/grupposerafin.it\/wp-content\/uploads\/2024\/07\/bobine-polipropilene-1-819x1024.jpg\" alt=\"\" class=\"wp-image-10734\" title=\"\" srcset=\"https:\/\/grupposerafin.it\/wp-content\/uploads\/2024\/07\/bobine-polipropilene-1-819x1024.jpg 819w, https:\/\/grupposerafin.it\/wp-content\/uploads\/2024\/07\/bobine-polipropilene-1-240x300.jpg 240w, https:\/\/grupposerafin.it\/wp-content\/uploads\/2024\/07\/bobine-polipropilene-1-768x960.jpg 768w, https:\/\/grupposerafin.it\/wp-content\/uploads\/2024\/07\/bobine-polipropilene-1.jpg 1080w\" sizes=\"(max-width: 819px) 100vw, 819px\" \/><\/figure>\n\n\n\n<p>Polyethylen-Rollen f\u00fcr Verpackungen sind einfach zu verwenden und zu lagern. Die Rolle erm\u00f6glicht es n\u00e4mlich, immer bequem die richtige Portion Kunststofffolie zu verwenden, ohne das Risiko von Falten oder Besch\u00e4digungen des Materials. <\/p>\n<\/div>\n\n\n\n<div class=\"wp-block-column is-layout-flow wp-block-column-is-layout-flow\">\n<figure class=\"wp-block-image size-large\"><img decoding=\"async\" width=\"819\" height=\"1024\" src=\"https:\/\/grupposerafin.it\/wp-content\/uploads\/2024\/07\/bobine-polipropilene-2-819x1024.jpg\" alt=\"\" class=\"wp-image-10738\" title=\"\" srcset=\"https:\/\/grupposerafin.it\/wp-content\/uploads\/2024\/07\/bobine-polipropilene-2-819x1024.jpg 819w, https:\/\/grupposerafin.it\/wp-content\/uploads\/2024\/07\/bobine-polipropilene-2-240x300.jpg 240w, https:\/\/grupposerafin.it\/wp-content\/uploads\/2024\/07\/bobine-polipropilene-2-768x960.jpg 768w, https:\/\/grupposerafin.it\/wp-content\/uploads\/2024\/07\/bobine-polipropilene-2.jpg 1080w\" sizes=\"(max-width: 819px) 100vw, 819px\" \/><\/figure>\n\n\n\n<p>Die Polyethylen-Rollen sind auch einfach gefaltet erh\u00e4ltlich, um die Verpackungsvorg\u00e4nge gro\u00dfer Produkte noch weiter zu erleichtern und den Platzbedarf des Verpackungsmaterials im Lager zu reduzieren.<\/p>\n<\/div>\n<\/div>\n","protected":false},"excerpt":{"rendered":"<p>Die Praktikit\u00e4t von Kunststofffolie auf Rollen.<\/p>\n","protected":false},"author":3,"featured_media":9746,"parent":0,"template":"","product_cat":[274],"class_list":["post-8137","product","type-product","status-publish","has-post-thumbnail","hentry","product_cat-polyethylen-verpackungen"],"acf":[],"_links":{"self":[{"href":"https:\/\/grupposerafin.it\/de\/wp-json\/wp\/v2\/product\/8137","targetHints":{"allow":["GET"]}}],"collection":[{"href":"https:\/\/grupposerafin.it\/de\/wp-json\/wp\/v2\/product"}],"about":[{"href":"https:\/\/grupposerafin.it\/de\/wp-json\/wp\/v2\/types\/product"}],"author":[{"embeddable":true,"href":"https:\/\/grupposerafin.it\/de\/wp-json\/wp\/v2\/users\/3"}],"version-history":[{"count":3,"href":"https:\/\/grupposerafin.it\/de\/wp-json\/wp\/v2\/product\/8137\/revisions"}],"predecessor-version":[{"id":12831,"href":"https:\/\/grupposerafin.it\/de\/wp-json\/wp\/v2\/product\/8137\/revisions\/12831"}],"wp:featuredmedia":[{"embeddable":true,"href":"https:\/\/grupposerafin.it\/de\/wp-json\/wp\/v2\/media\/9746"}],"wp:attachment":[{"href":"https:\/\/grupposerafin.it\/de\/wp-json\/wp\/v2\/media?parent=8137"}],"wp:term":[{"taxonomy":"product_cat","embeddable":true,"href":"https:\/\/grupposerafin.it\/de\/wp-json\/wp\/v2\/product_cat?post=8137"}],"curies":[{"name":"wp","href":"https:\/\/api.w.org\/{rel}","templated":true}]}}