{"id":8141,"date":"2019-04-10T09:59:01","date_gmt":"2019-04-10T07:59:01","guid":{"rendered":"https:\/\/grupposerafin.it\/prodotti\/polypropylen-schrumpffolie\/"},"modified":"2025-11-03T16:03:28","modified_gmt":"2025-11-03T15:03:28","slug":"polypropylen-schrumpffolie","status":"publish","type":"product","link":"https:\/\/grupposerafin.it\/de\/sf-packaging-de\/schrumpffolie\/polypropylen-schrumpffolie\/","title":{"rendered":"Schrumpffolie aus Polypropylen"},"content":{"rendered":"\n<div class=\"wp-block-columns is-layout-flex wp-container-core-columns-is-layout-28f84493 wp-block-columns-is-layout-flex\">\n<div class=\"wp-block-column is-layout-flow wp-block-column-is-layout-flow\">\n<figure class=\"wp-block-image size-large\"><img fetchpriority=\"high\" decoding=\"async\" width=\"819\" height=\"1024\" src=\"https:\/\/grupposerafin.it\/wp-content\/uploads\/2024\/07\/film-termoretraibile-ppl-1-819x1024.jpg\" alt=\"\" class=\"wp-image-10770\" title=\"\" srcset=\"https:\/\/grupposerafin.it\/wp-content\/uploads\/2024\/07\/film-termoretraibile-ppl-1-819x1024.jpg 819w, https:\/\/grupposerafin.it\/wp-content\/uploads\/2024\/07\/film-termoretraibile-ppl-1-240x300.jpg 240w, https:\/\/grupposerafin.it\/wp-content\/uploads\/2024\/07\/film-termoretraibile-ppl-1-768x960.jpg 768w, https:\/\/grupposerafin.it\/wp-content\/uploads\/2024\/07\/film-termoretraibile-ppl-1.jpg 1080w\" sizes=\"(max-width: 819px) 100vw, 819px\" \/><\/figure>\n\n\n\n<p>Die Schrumpffolie aus Polypropylen hat ein geringes spezifisches Gewicht, ausgezeichnete \u00e4sthetische Eigenschaften und null organoleptische Emissionen. Daher ist sie die f\u00fcr den Lebensmittelbereich am besten geeignete Schrumpffolie und f\u00fcr viele Produkte, die f\u00fcr den Endverbraucher bestimmt sind. <\/p>\n<\/div>\n\n\n\n<div class=\"wp-block-column is-layout-flow wp-block-column-is-layout-flow\">\n<figure class=\"wp-block-image size-large\"><img decoding=\"async\" width=\"819\" height=\"1024\" src=\"https:\/\/grupposerafin.it\/wp-content\/uploads\/2024\/07\/film-termoretraibile-ppl-2-819x1024.jpg\" alt=\"\" class=\"wp-image-10773\" title=\"\" srcset=\"https:\/\/grupposerafin.it\/wp-content\/uploads\/2024\/07\/film-termoretraibile-ppl-2-819x1024.jpg 819w, https:\/\/grupposerafin.it\/wp-content\/uploads\/2024\/07\/film-termoretraibile-ppl-2-240x300.jpg 240w, https:\/\/grupposerafin.it\/wp-content\/uploads\/2024\/07\/film-termoretraibile-ppl-2-768x960.jpg 768w, https:\/\/grupposerafin.it\/wp-content\/uploads\/2024\/07\/film-termoretraibile-ppl-2.jpg 1080w\" sizes=\"(max-width: 819px) 100vw, 819px\" \/><\/figure>\n\n\n\n<p>Die Best\u00e4ndigkeit gegen chemische und aggressive Produkte, ihr Schrumpfungsgrad auch bei niedrigen Temperaturen und das Fehlen von D\u00e4mpfen w\u00e4hrend der W\u00e4rmeschrumpfung erm\u00f6glichen den Einsatz der Folie auch mit manuellen Maschinen. Die Schrumpffolie aus Polypropylen kann auch durch direkten mehrfarbigen Druck individuell gestaltet werden. <\/p>\n<\/div>\n<\/div>\n","protected":false},"excerpt":{"rendered":"<p>Die Schutzfolie f\u00fcr Ihre Produkte.<\/p>\n","protected":false},"author":3,"featured_media":10769,"parent":0,"template":"","product_cat":[275],"class_list":["post-8141","product","type-product","status-publish","has-post-thumbnail","hentry","product_cat-schrumpffolie"],"acf":[],"_links":{"self":[{"href":"https:\/\/grupposerafin.it\/de\/wp-json\/wp\/v2\/product\/8141","targetHints":{"allow":["GET"]}}],"collection":[{"href":"https:\/\/grupposerafin.it\/de\/wp-json\/wp\/v2\/product"}],"about":[{"href":"https:\/\/grupposerafin.it\/de\/wp-json\/wp\/v2\/types\/product"}],"author":[{"embeddable":true,"href":"https:\/\/grupposerafin.it\/de\/wp-json\/wp\/v2\/users\/3"}],"version-history":[{"count":3,"href":"https:\/\/grupposerafin.it\/de\/wp-json\/wp\/v2\/product\/8141\/revisions"}],"predecessor-version":[{"id":13511,"href":"https:\/\/grupposerafin.it\/de\/wp-json\/wp\/v2\/product\/8141\/revisions\/13511"}],"wp:featuredmedia":[{"embeddable":true,"href":"https:\/\/grupposerafin.it\/de\/wp-json\/wp\/v2\/media\/10769"}],"wp:attachment":[{"href":"https:\/\/grupposerafin.it\/de\/wp-json\/wp\/v2\/media?parent=8141"}],"wp:term":[{"taxonomy":"product_cat","embeddable":true,"href":"https:\/\/grupposerafin.it\/de\/wp-json\/wp\/v2\/product_cat?post=8141"}],"curies":[{"name":"wp","href":"https:\/\/api.w.org\/{rel}","templated":true}]}}