{"id":8145,"date":"2019-04-10T10:04:28","date_gmt":"2019-04-10T08:04:28","guid":{"rendered":"https:\/\/grupposerafin.it\/prodotti\/pluriball-rollen\/"},"modified":"2025-11-03T16:03:28","modified_gmt":"2025-11-03T15:03:28","slug":"pluriball-rollen","status":"publish","type":"product","link":"https:\/\/grupposerafin.it\/de\/sf-packaging-de\/pluriball-und-luftpolsterfolie\/pluriball-rollen\/","title":{"rendered":"Luftpolsterfolienrollen"},"content":{"rendered":"\n<div class=\"wp-block-columns is-layout-flex wp-container-core-columns-is-layout-28f84493 wp-block-columns-is-layout-flex\">\n<div class=\"wp-block-column is-layout-flow wp-block-column-is-layout-flow\">\n<figure class=\"wp-block-image size-large\"><img fetchpriority=\"high\" decoding=\"async\" width=\"819\" height=\"1024\" src=\"https:\/\/grupposerafin.it\/wp-content\/uploads\/2024\/07\/bobine-pluriball-1-819x1024.jpg\" alt=\"\" class=\"wp-image-10813\" title=\"\" srcset=\"https:\/\/grupposerafin.it\/wp-content\/uploads\/2024\/07\/bobine-pluriball-1-819x1024.jpg 819w, https:\/\/grupposerafin.it\/wp-content\/uploads\/2024\/07\/bobine-pluriball-1-240x300.jpg 240w, https:\/\/grupposerafin.it\/wp-content\/uploads\/2024\/07\/bobine-pluriball-1-768x960.jpg 768w, https:\/\/grupposerafin.it\/wp-content\/uploads\/2024\/07\/bobine-pluriball-1.jpg 1080w\" sizes=\"(max-width: 819px) 100vw, 819px\" \/><\/figure>\n\n\n\n<p>Die Luftpolsterfolienrollen sind funktional und praktisch f\u00fcr die Herstellung widerstandsf\u00e4higer Verpackungen, die St\u00f6\u00dfe und versehentliche Schl\u00e4ge perfekt absorbieren k\u00f6nnen. Die verschiedenen Gr\u00f6\u00dfen der Luftblasen und die Vielfalt der Kunststoffgrammaturen entsprechen unterschiedlichen Anforderungen an Widerstandsf\u00e4higkeit und Schutz. <\/p>\n<\/div>\n\n\n\n<div class=\"wp-block-column is-layout-flow wp-block-column-is-layout-flow\">\n<figure class=\"wp-block-image size-large\"><img decoding=\"async\" width=\"819\" height=\"1024\" src=\"https:\/\/grupposerafin.it\/wp-content\/uploads\/2024\/07\/bobine-pluriball-2-819x1024.jpg\" alt=\"\" class=\"wp-image-10816\" title=\"\" srcset=\"https:\/\/grupposerafin.it\/wp-content\/uploads\/2024\/07\/bobine-pluriball-2-819x1024.jpg 819w, https:\/\/grupposerafin.it\/wp-content\/uploads\/2024\/07\/bobine-pluriball-2-240x300.jpg 240w, https:\/\/grupposerafin.it\/wp-content\/uploads\/2024\/07\/bobine-pluriball-2-768x960.jpg 768w, https:\/\/grupposerafin.it\/wp-content\/uploads\/2024\/07\/bobine-pluriball-2.jpg 1080w\" sizes=\"(max-width: 819px) 100vw, 819px\" \/><\/figure>\n\n\n\n<p>Die Maxi-Blasen beispielsweise sind leicht und perfekt zum Ausf\u00fcllen von Zwischenr\u00e4umen sowie zur Sto\u00dfabsorption geeignet. Die Luftpolsterfolie mit doppelter Kunststofffolie hingegen gew\u00e4hrleistet eine h\u00f6here Rei\u00dffestigkeit und einen \u00fcberlegenen Schutz. In diesem Fall ist die Blasenfolie mit einer hochdichten Polyethylenfolie gekoppelt, die auch versehentliche Perforationen verhindert.  <\/p>\n<\/div>\n<\/div>\n","protected":false},"excerpt":{"rendered":"<p>Die widerstandsf\u00e4higen und flexiblen Luftblasen.<\/p>\n","protected":false},"author":3,"featured_media":10821,"parent":0,"template":"","product_cat":[276],"class_list":["post-8145","product","type-product","status-publish","has-post-thumbnail","hentry","product_cat-pluriball-und-luftpolsterfolie"],"acf":[],"_links":{"self":[{"href":"https:\/\/grupposerafin.it\/de\/wp-json\/wp\/v2\/product\/8145","targetHints":{"allow":["GET"]}}],"collection":[{"href":"https:\/\/grupposerafin.it\/de\/wp-json\/wp\/v2\/product"}],"about":[{"href":"https:\/\/grupposerafin.it\/de\/wp-json\/wp\/v2\/types\/product"}],"author":[{"embeddable":true,"href":"https:\/\/grupposerafin.it\/de\/wp-json\/wp\/v2\/users\/3"}],"version-history":[{"count":3,"href":"https:\/\/grupposerafin.it\/de\/wp-json\/wp\/v2\/product\/8145\/revisions"}],"predecessor-version":[{"id":13517,"href":"https:\/\/grupposerafin.it\/de\/wp-json\/wp\/v2\/product\/8145\/revisions\/13517"}],"wp:featuredmedia":[{"embeddable":true,"href":"https:\/\/grupposerafin.it\/de\/wp-json\/wp\/v2\/media\/10821"}],"wp:attachment":[{"href":"https:\/\/grupposerafin.it\/de\/wp-json\/wp\/v2\/media?parent=8145"}],"wp:term":[{"taxonomy":"product_cat","embeddable":true,"href":"https:\/\/grupposerafin.it\/de\/wp-json\/wp\/v2\/product_cat?post=8145"}],"curies":[{"name":"wp","href":"https:\/\/api.w.org\/{rel}","templated":true}]}}