{"id":8147,"date":"2019-04-10T10:06:27","date_gmt":"2019-04-10T08:06:27","guid":{"rendered":"https:\/\/grupposerafin.it\/prodotti\/pluriball-beutel\/"},"modified":"2025-11-03T16:03:28","modified_gmt":"2025-11-03T15:03:28","slug":"pluriball-beutel","status":"publish","type":"product","link":"https:\/\/grupposerafin.it\/de\/sf-packaging-de\/pluriball-und-luftpolsterfolie\/pluriball-beutel\/","title":{"rendered":"Luftpolsterumschlag"},"content":{"rendered":"\n<div class=\"wp-block-columns is-layout-flex wp-container-core-columns-is-layout-28f84493 wp-block-columns-is-layout-flex\">\n<div class=\"wp-block-column is-layout-flow wp-block-column-is-layout-flow\">\n<figure class=\"wp-block-image size-large\"><img fetchpriority=\"high\" decoding=\"async\" width=\"819\" height=\"1024\" src=\"https:\/\/grupposerafin.it\/wp-content\/uploads\/2024\/07\/busta-pluriball-1-819x1024.jpg\" alt=\"\" class=\"wp-image-10803\" title=\"\" srcset=\"https:\/\/grupposerafin.it\/wp-content\/uploads\/2024\/07\/busta-pluriball-1-819x1024.jpg 819w, https:\/\/grupposerafin.it\/wp-content\/uploads\/2024\/07\/busta-pluriball-1-240x300.jpg 240w, https:\/\/grupposerafin.it\/wp-content\/uploads\/2024\/07\/busta-pluriball-1-768x960.jpg 768w, https:\/\/grupposerafin.it\/wp-content\/uploads\/2024\/07\/busta-pluriball-1.jpg 1080w\" sizes=\"(max-width: 819px) 100vw, 819px\" \/><\/figure>\n\n\n\n<p>Luftpolstertaschen vereinen Benutzerfreundlichkeit und Sicherheit. Das Verpacken von Produkten in Luftpolstertaschen und -beuteln ist schnell und sehr einfach durchzuf\u00fchren. Luftpolsters\u00e4cke sind auch dann die ideale L\u00f6sung, wenn mehrere Waren gesch\u00fctzt werden m\u00fcssen.  <\/p>\n<\/div>\n\n\n\n<div class=\"wp-block-column is-layout-flow wp-block-column-is-layout-flow\">\n<figure class=\"wp-block-image size-large\"><img decoding=\"async\" width=\"819\" height=\"1024\" src=\"https:\/\/grupposerafin.it\/wp-content\/uploads\/2024\/07\/busta-pluriball-2-819x1024.jpg\" alt=\"\" class=\"wp-image-10806\" title=\"\" srcset=\"https:\/\/grupposerafin.it\/wp-content\/uploads\/2024\/07\/busta-pluriball-2-819x1024.jpg 819w, https:\/\/grupposerafin.it\/wp-content\/uploads\/2024\/07\/busta-pluriball-2-240x300.jpg 240w, https:\/\/grupposerafin.it\/wp-content\/uploads\/2024\/07\/busta-pluriball-2-768x960.jpg 768w, https:\/\/grupposerafin.it\/wp-content\/uploads\/2024\/07\/busta-pluriball-2.jpg 1080w\" sizes=\"(max-width: 819px) 100vw, 819px\" \/><\/figure>\n\n\n\n<p> Mechanische Teile, Komponenten oder demontierte Elemente desselben Produkts k\u00f6nnen jeweils in einem eigenen Beutel verpackt werden, mit der Gewissheit, Ordnung zu schaffen, stets den richtigen Schutz zu gew\u00e4hrleisten und Hohlr\u00e4ume in einer Verpackung zu f\u00fcllen.<\/p>\n<\/div>\n<\/div>\n","protected":false},"excerpt":{"rendered":"<p>Der Schutz der Luftpolsterfolie, der Komfort eines Beutels.<\/p>\n","protected":false},"author":3,"featured_media":10811,"parent":0,"template":"","product_cat":[276],"class_list":["post-8147","product","type-product","status-publish","has-post-thumbnail","hentry","product_cat-pluriball-und-luftpolsterfolie"],"acf":[],"_links":{"self":[{"href":"https:\/\/grupposerafin.it\/de\/wp-json\/wp\/v2\/product\/8147","targetHints":{"allow":["GET"]}}],"collection":[{"href":"https:\/\/grupposerafin.it\/de\/wp-json\/wp\/v2\/product"}],"about":[{"href":"https:\/\/grupposerafin.it\/de\/wp-json\/wp\/v2\/types\/product"}],"author":[{"embeddable":true,"href":"https:\/\/grupposerafin.it\/de\/wp-json\/wp\/v2\/users\/3"}],"version-history":[{"count":3,"href":"https:\/\/grupposerafin.it\/de\/wp-json\/wp\/v2\/product\/8147\/revisions"}],"predecessor-version":[{"id":13526,"href":"https:\/\/grupposerafin.it\/de\/wp-json\/wp\/v2\/product\/8147\/revisions\/13526"}],"wp:featuredmedia":[{"embeddable":true,"href":"https:\/\/grupposerafin.it\/de\/wp-json\/wp\/v2\/media\/10811"}],"wp:attachment":[{"href":"https:\/\/grupposerafin.it\/de\/wp-json\/wp\/v2\/media?parent=8147"}],"wp:term":[{"taxonomy":"product_cat","embeddable":true,"href":"https:\/\/grupposerafin.it\/de\/wp-json\/wp\/v2\/product_cat?post=8147"}],"curies":[{"name":"wp","href":"https:\/\/api.w.org\/{rel}","templated":true}]}}