{"id":8149,"date":"2019-04-10T10:08:11","date_gmt":"2019-04-10T08:08:11","guid":{"rendered":"https:\/\/grupposerafin.it\/prodotti\/pluriball-in-bogen\/"},"modified":"2025-11-03T15:43:14","modified_gmt":"2025-11-03T14:43:14","slug":"pluriball-in-bogen","status":"publish","type":"product","link":"https:\/\/grupposerafin.it\/de\/sf-packaging-de\/pluriball-und-luftpolsterfolie\/pluriball-in-bogen\/","title":{"rendered":"Luftpolsterfolie in B\u00f6gen"},"content":{"rendered":"\n<div class=\"wp-block-columns is-layout-flex wp-container-core-columns-is-layout-28f84493 wp-block-columns-is-layout-flex\">\n<div class=\"wp-block-column is-layout-flow wp-block-column-is-layout-flow\">\n<figure class=\"wp-block-image size-large\"><img fetchpriority=\"high\" decoding=\"async\" width=\"819\" height=\"1024\" src=\"https:\/\/grupposerafin.it\/wp-content\/uploads\/2024\/07\/fogli-pluriball-1-819x1024.jpg\" alt=\"\" class=\"wp-image-10796\" title=\"\" srcset=\"https:\/\/grupposerafin.it\/wp-content\/uploads\/2024\/07\/fogli-pluriball-1-819x1024.jpg 819w, https:\/\/grupposerafin.it\/wp-content\/uploads\/2024\/07\/fogli-pluriball-1-240x300.jpg 240w, https:\/\/grupposerafin.it\/wp-content\/uploads\/2024\/07\/fogli-pluriball-1-768x960.jpg 768w, https:\/\/grupposerafin.it\/wp-content\/uploads\/2024\/07\/fogli-pluriball-1.jpg 1080w\" sizes=\"(max-width: 819px) 100vw, 819px\" \/><\/figure>\n\n\n\n<p>Alle verschiedenen Arten von Luftpolsterfolie sind auch in B\u00f6gen erh\u00e4ltlich. Die Luftpolsterfolienb\u00f6gen sind in allen Situationen praktisch zu verwenden, in denen die Gegenst\u00e4nde leicht zu handhaben sind und wenn die Verpackungsgeschwindigkeit ein prim\u00e4rer Aspekt ist.  <\/p>\n<\/div>\n\n\n\n<div class=\"wp-block-column is-layout-flow wp-block-column-is-layout-flow\">\n<figure class=\"wp-block-image size-large\"><img decoding=\"async\" width=\"819\" height=\"1024\" src=\"https:\/\/grupposerafin.it\/wp-content\/uploads\/2024\/07\/fogli-pluriball-2-819x1024.jpg\" alt=\"\" class=\"wp-image-10799\" title=\"\" srcset=\"https:\/\/grupposerafin.it\/wp-content\/uploads\/2024\/07\/fogli-pluriball-2-819x1024.jpg 819w, https:\/\/grupposerafin.it\/wp-content\/uploads\/2024\/07\/fogli-pluriball-2-240x300.jpg 240w, https:\/\/grupposerafin.it\/wp-content\/uploads\/2024\/07\/fogli-pluriball-2-768x960.jpg 768w, https:\/\/grupposerafin.it\/wp-content\/uploads\/2024\/07\/fogli-pluriball-2.jpg 1080w\" sizes=\"(max-width: 819px) 100vw, 819px\" \/><\/figure>\n\n\n\n<p>Die Luftpolsterfolienb\u00f6gen sind in verschiedenen Gr\u00f6\u00dfen (auch auf Anfrage), mit unterschiedlichen Grammaturen und in Kombination mit anderen Materialien erh\u00e4ltlich, um sicherzustellen, dass Ihre Waren immer den bestm\u00f6glichen Schutz erhalten.<\/p>\n<\/div>\n<\/div>\n","protected":false},"excerpt":{"rendered":"<p>Sicherheit gegen St\u00f6\u00dfe und einfache Handhabung.<\/p>\n","protected":false},"author":3,"featured_media":10795,"parent":0,"template":"","product_cat":[276],"class_list":["post-8149","product","type-product","status-publish","has-post-thumbnail","hentry","product_cat-pluriball-und-luftpolsterfolie"],"acf":[],"_links":{"self":[{"href":"https:\/\/grupposerafin.it\/de\/wp-json\/wp\/v2\/product\/8149","targetHints":{"allow":["GET"]}}],"collection":[{"href":"https:\/\/grupposerafin.it\/de\/wp-json\/wp\/v2\/product"}],"about":[{"href":"https:\/\/grupposerafin.it\/de\/wp-json\/wp\/v2\/types\/product"}],"author":[{"embeddable":true,"href":"https:\/\/grupposerafin.it\/de\/wp-json\/wp\/v2\/users\/3"}],"version-history":[{"count":3,"href":"https:\/\/grupposerafin.it\/de\/wp-json\/wp\/v2\/product\/8149\/revisions"}],"predecessor-version":[{"id":12837,"href":"https:\/\/grupposerafin.it\/de\/wp-json\/wp\/v2\/product\/8149\/revisions\/12837"}],"wp:featuredmedia":[{"embeddable":true,"href":"https:\/\/grupposerafin.it\/de\/wp-json\/wp\/v2\/media\/10795"}],"wp:attachment":[{"href":"https:\/\/grupposerafin.it\/de\/wp-json\/wp\/v2\/media?parent=8149"}],"wp:term":[{"taxonomy":"product_cat","embeddable":true,"href":"https:\/\/grupposerafin.it\/de\/wp-json\/wp\/v2\/product_cat?post=8149"}],"curies":[{"name":"wp","href":"https:\/\/api.w.org\/{rel}","templated":true}]}}