{"id":8151,"date":"2019-04-10T10:13:15","date_gmt":"2019-04-10T08:13:15","guid":{"rendered":"https:\/\/grupposerafin.it\/prodotti\/profile-aus-polyethylenschaum\/"},"modified":"2025-11-03T15:43:14","modified_gmt":"2025-11-03T14:43:14","slug":"profile-aus-polyethylenschaum","status":"publish","type":"product","link":"https:\/\/grupposerafin.it\/de\/sf-packaging-de\/verpackungen-aus-polyethylenschaum\/profile-aus-polyethylenschaum\/","title":{"rendered":"Blaue Profile aus expandiertem Polyethylen"},"content":{"rendered":"\n<div class=\"wp-block-columns is-layout-flex wp-container-core-columns-is-layout-28f84493 wp-block-columns-is-layout-flex\">\n<div class=\"wp-block-column is-layout-flow wp-block-column-is-layout-flow\">\n<figure class=\"wp-block-image size-large\"><img fetchpriority=\"high\" decoding=\"async\" width=\"819\" height=\"1024\" src=\"https:\/\/grupposerafin.it\/wp-content\/uploads\/2024\/07\/profili-blu-polipropilene-espanso-1-819x1024.jpg\" alt=\"\" class=\"wp-image-10861\" title=\"\" srcset=\"https:\/\/grupposerafin.it\/wp-content\/uploads\/2024\/07\/profili-blu-polipropilene-espanso-1-819x1024.jpg 819w, https:\/\/grupposerafin.it\/wp-content\/uploads\/2024\/07\/profili-blu-polipropilene-espanso-1-240x300.jpg 240w, https:\/\/grupposerafin.it\/wp-content\/uploads\/2024\/07\/profili-blu-polipropilene-espanso-1-768x960.jpg 768w, https:\/\/grupposerafin.it\/wp-content\/uploads\/2024\/07\/profili-blu-polipropilene-espanso-1.jpg 1080w\" sizes=\"(max-width: 819px) 100vw, 819px\" \/><\/figure>\n\n\n\n<p>Die Profile aus expandiertem Polyethylen sind weiche Schaumstoffelemente, die die Kanten und empfindlichsten Teile der zu verpackenden G\u00fcter sch\u00fctzen. Die Flexibilit\u00e4t des Materials, seine F\u00e4higkeit, St\u00f6\u00dfe zu absorbieren, und seine Widerstandsf\u00e4higkeit machen es zur optimalen L\u00f6sung f\u00fcr die Verpackung von Produkten mit scharfen Kanten und empfindlichen Oberfl\u00e4chen, die gesch\u00fctzt werden m\u00fcssen.  <\/p>\n<\/div>\n\n\n\n<div class=\"wp-block-column is-layout-flow wp-block-column-is-layout-flow\">\n<figure class=\"wp-block-image size-large\"><img decoding=\"async\" width=\"819\" height=\"1024\" src=\"https:\/\/grupposerafin.it\/wp-content\/uploads\/2024\/07\/profili-blu-polipropilene-espanso-2-819x1024.jpg\" alt=\"\" class=\"wp-image-10864\" title=\"\" srcset=\"https:\/\/grupposerafin.it\/wp-content\/uploads\/2024\/07\/profili-blu-polipropilene-espanso-2-819x1024.jpg 819w, https:\/\/grupposerafin.it\/wp-content\/uploads\/2024\/07\/profili-blu-polipropilene-espanso-2-240x300.jpg 240w, https:\/\/grupposerafin.it\/wp-content\/uploads\/2024\/07\/profili-blu-polipropilene-espanso-2-768x960.jpg 768w, https:\/\/grupposerafin.it\/wp-content\/uploads\/2024\/07\/profili-blu-polipropilene-espanso-2.jpg 1080w\" sizes=\"(max-width: 819px) 100vw, 819px\" \/><\/figure>\n\n\n\n<p>Es ist m\u00f6glich, Ad-hoc-Verpackungen aus expandiertem Polyethylen herzustellen, die Ihre Produkte wie ein Handschuh umschlie\u00dfen, oder zwischen den Standard-U-Profilen aus Polyethylenschaum f\u00fcr Paneele, L-Profilen f\u00fcr die Kanten von Kartons und Paketen und V-Profilen f\u00fcr Glas und Plexiglasplatten zu w\u00e4hlen.<\/p>\n<\/div>\n<\/div>\n","protected":false},"excerpt":{"rendered":"<p>Weichheit und Schutz, die Ihre G\u00fcter umh\u00fcllen.<\/p>\n","protected":false},"author":3,"featured_media":10860,"parent":0,"template":"","product_cat":[277],"class_list":["post-8151","product","type-product","status-publish","has-post-thumbnail","hentry","product_cat-verpackungen-aus-polyethylenschaum"],"acf":[],"_links":{"self":[{"href":"https:\/\/grupposerafin.it\/de\/wp-json\/wp\/v2\/product\/8151","targetHints":{"allow":["GET"]}}],"collection":[{"href":"https:\/\/grupposerafin.it\/de\/wp-json\/wp\/v2\/product"}],"about":[{"href":"https:\/\/grupposerafin.it\/de\/wp-json\/wp\/v2\/types\/product"}],"author":[{"embeddable":true,"href":"https:\/\/grupposerafin.it\/de\/wp-json\/wp\/v2\/users\/3"}],"version-history":[{"count":3,"href":"https:\/\/grupposerafin.it\/de\/wp-json\/wp\/v2\/product\/8151\/revisions"}],"predecessor-version":[{"id":12847,"href":"https:\/\/grupposerafin.it\/de\/wp-json\/wp\/v2\/product\/8151\/revisions\/12847"}],"wp:featuredmedia":[{"embeddable":true,"href":"https:\/\/grupposerafin.it\/de\/wp-json\/wp\/v2\/media\/10860"}],"wp:attachment":[{"href":"https:\/\/grupposerafin.it\/de\/wp-json\/wp\/v2\/media?parent=8151"}],"wp:term":[{"taxonomy":"product_cat","embeddable":true,"href":"https:\/\/grupposerafin.it\/de\/wp-json\/wp\/v2\/product_cat?post=8151"}],"curies":[{"name":"wp","href":"https:\/\/api.w.org\/{rel}","templated":true}]}}