{"id":8153,"date":"2019-04-10T10:17:37","date_gmt":"2019-04-10T08:17:37","guid":{"rendered":"https:\/\/grupposerafin.it\/prodotti\/eckstucke-aus-polyethylenschaum\/"},"modified":"2025-11-03T16:04:25","modified_gmt":"2025-11-03T15:04:25","slug":"eckstucke-aus-polyethylenschaum","status":"publish","type":"product","link":"https:\/\/grupposerafin.it\/de\/sf-packaging-de\/verpackungen-aus-polyethylenschaum\/eckstucke-aus-polyethylenschaum\/","title":{"rendered":"Blaue Schaumpolyethylen-Kantenschutz"},"content":{"rendered":"\n<div class=\"wp-block-columns is-layout-flex wp-container-core-columns-is-layout-28f84493 wp-block-columns-is-layout-flex\">\n<div class=\"wp-block-column is-layout-flow wp-block-column-is-layout-flow\">\n<figure class=\"wp-block-image size-large\"><img fetchpriority=\"high\" decoding=\"async\" width=\"819\" height=\"1024\" src=\"https:\/\/grupposerafin.it\/wp-content\/uploads\/2024\/07\/angolari-blu-polipropilene-espanso-1-819x1024.jpg\" alt=\"\" class=\"wp-image-10851\" title=\"\" srcset=\"https:\/\/grupposerafin.it\/wp-content\/uploads\/2024\/07\/angolari-blu-polipropilene-espanso-1-819x1024.jpg 819w, https:\/\/grupposerafin.it\/wp-content\/uploads\/2024\/07\/angolari-blu-polipropilene-espanso-1-240x300.jpg 240w, https:\/\/grupposerafin.it\/wp-content\/uploads\/2024\/07\/angolari-blu-polipropilene-espanso-1-768x960.jpg 768w, https:\/\/grupposerafin.it\/wp-content\/uploads\/2024\/07\/angolari-blu-polipropilene-espanso-1.jpg 1080w\" sizes=\"(max-width: 819px) 100vw, 819px\" \/><\/figure>\n\n\n\n<p>Besonders geeignet in allen F\u00e4llen, in denen Waren eine schonende Umh\u00fcllung und vollst\u00e4ndigen Schutz ben\u00f6tigen. Die Schaumpolyethylen-Kantenschutzelemente sind als U-Profile (perfekt f\u00fcr Regale, Arbeitsplatten, Platten, Tische etc.) und als Winkelprofile erh\u00e4ltlich &#8211; weiche Ummantelungen f\u00fcr Kanten von Objekten mit bedeutendem Volumen und Gewicht (Elektronik und Haushaltsger\u00e4te, M\u00f6bel und Einrichtungsgegenst\u00e4nde).<\/p>\n<\/div>\n\n\n\n<div class=\"wp-block-column is-layout-flow wp-block-column-is-layout-flow\">\n<figure class=\"wp-block-image size-large\"><img decoding=\"async\" width=\"819\" height=\"1024\" src=\"https:\/\/grupposerafin.it\/wp-content\/uploads\/2024\/07\/angolari-blu-polipropilene-espanso-2-819x1024.jpg\" alt=\"\" class=\"wp-image-10854\" title=\"\" srcset=\"https:\/\/grupposerafin.it\/wp-content\/uploads\/2024\/07\/angolari-blu-polipropilene-espanso-2-819x1024.jpg 819w, https:\/\/grupposerafin.it\/wp-content\/uploads\/2024\/07\/angolari-blu-polipropilene-espanso-2-240x300.jpg 240w, https:\/\/grupposerafin.it\/wp-content\/uploads\/2024\/07\/angolari-blu-polipropilene-espanso-2-768x960.jpg 768w, https:\/\/grupposerafin.it\/wp-content\/uploads\/2024\/07\/angolari-blu-polipropilene-espanso-2.jpg 1080w\" sizes=\"(max-width: 819px) 100vw, 819px\" \/><\/figure>\n\n\n\n<p>Die Flexibilit\u00e4t des Schaumpolyethylens erm\u00f6glicht die Herstellung weicher Kantenschutzelemente mit hoher Sto\u00dfd\u00e4mpfung, um die Ecken Ihrer Produkte pr\u00e4zise zu umschlie\u00dfen. <\/p>\n<\/div>\n<\/div>\n","protected":false},"excerpt":{"rendered":"<p>Sichere Kanten mit Polyethylenschaum.<\/p>\n","protected":false},"author":3,"featured_media":10850,"parent":0,"template":"","product_cat":[277],"class_list":["post-8153","product","type-product","status-publish","has-post-thumbnail","hentry","product_cat-verpackungen-aus-polyethylenschaum"],"acf":[],"_links":{"self":[{"href":"https:\/\/grupposerafin.it\/de\/wp-json\/wp\/v2\/product\/8153","targetHints":{"allow":["GET"]}}],"collection":[{"href":"https:\/\/grupposerafin.it\/de\/wp-json\/wp\/v2\/product"}],"about":[{"href":"https:\/\/grupposerafin.it\/de\/wp-json\/wp\/v2\/types\/product"}],"author":[{"embeddable":true,"href":"https:\/\/grupposerafin.it\/de\/wp-json\/wp\/v2\/users\/3"}],"version-history":[{"count":3,"href":"https:\/\/grupposerafin.it\/de\/wp-json\/wp\/v2\/product\/8153\/revisions"}],"predecessor-version":[{"id":13542,"href":"https:\/\/grupposerafin.it\/de\/wp-json\/wp\/v2\/product\/8153\/revisions\/13542"}],"wp:featuredmedia":[{"embeddable":true,"href":"https:\/\/grupposerafin.it\/de\/wp-json\/wp\/v2\/media\/10850"}],"wp:attachment":[{"href":"https:\/\/grupposerafin.it\/de\/wp-json\/wp\/v2\/media?parent=8153"}],"wp:term":[{"taxonomy":"product_cat","embeddable":true,"href":"https:\/\/grupposerafin.it\/de\/wp-json\/wp\/v2\/product_cat?post=8153"}],"curies":[{"name":"wp","href":"https:\/\/api.w.org\/{rel}","templated":true}]}}