{"id":8157,"date":"2019-04-10T10:23:45","date_gmt":"2019-04-10T08:23:45","guid":{"rendered":"https:\/\/grupposerafin.it\/prodotti\/polyethylenschaum-rollen\/"},"modified":"2025-11-03T16:04:26","modified_gmt":"2025-11-03T15:04:26","slug":"polyethylenschaum-rollen","status":"publish","type":"product","link":"https:\/\/grupposerafin.it\/de\/sf-packaging-de\/verpackungen-aus-polyethylenschaum\/polyethylenschaum-rollen\/","title":{"rendered":"Schaumpolyethylen-Rollen"},"content":{"rendered":"\n<div class=\"wp-block-columns is-layout-flex wp-container-core-columns-is-layout-28f84493 wp-block-columns-is-layout-flex\">\n<div class=\"wp-block-column is-layout-flow wp-block-column-is-layout-flow\">\n<figure class=\"wp-block-image size-large\"><img fetchpriority=\"high\" decoding=\"async\" width=\"819\" height=\"1024\" src=\"https:\/\/grupposerafin.it\/wp-content\/uploads\/2024\/07\/bobine-propilene-espanso-1-819x1024.jpg\" alt=\"\" class=\"wp-image-10831\" title=\"\" srcset=\"https:\/\/grupposerafin.it\/wp-content\/uploads\/2024\/07\/bobine-propilene-espanso-1-819x1024.jpg 819w, https:\/\/grupposerafin.it\/wp-content\/uploads\/2024\/07\/bobine-propilene-espanso-1-240x300.jpg 240w, https:\/\/grupposerafin.it\/wp-content\/uploads\/2024\/07\/bobine-propilene-espanso-1-768x960.jpg 768w, https:\/\/grupposerafin.it\/wp-content\/uploads\/2024\/07\/bobine-propilene-espanso-1.jpg 1080w\" sizes=\"(max-width: 819px) 100vw, 819px\" \/><\/figure>\n\n\n\n<p>Ein weicher Film wird in praktische Schaumpolyethylen-Rollen gewickelt, um Ihnen die gesamte Praktikabilit\u00e4t von Schaumverpackungen und die Freiheit zu bieten, die Gr\u00f6\u00dfe der Folien f\u00fcr jede einzelne Verpackung selbst zu bestimmen.<\/p>\n<\/div>\n\n\n\n<div class=\"wp-block-column is-layout-flow wp-block-column-is-layout-flow\">\n<figure class=\"wp-block-image size-large\"><img decoding=\"async\" width=\"819\" height=\"1024\" src=\"https:\/\/grupposerafin.it\/wp-content\/uploads\/2024\/07\/bobine-propilene-espanso-2-819x1024.jpg\" alt=\"\" class=\"wp-image-10834\" title=\"\" srcset=\"https:\/\/grupposerafin.it\/wp-content\/uploads\/2024\/07\/bobine-propilene-espanso-2-819x1024.jpg 819w, https:\/\/grupposerafin.it\/wp-content\/uploads\/2024\/07\/bobine-propilene-espanso-2-240x300.jpg 240w, https:\/\/grupposerafin.it\/wp-content\/uploads\/2024\/07\/bobine-propilene-espanso-2-768x960.jpg 768w, https:\/\/grupposerafin.it\/wp-content\/uploads\/2024\/07\/bobine-propilene-espanso-2.jpg 1080w\" sizes=\"(max-width: 819px) 100vw, 819px\" \/><\/figure>\n\n\n\n<p>Mit unterschiedlicher Dicke und H\u00f6he ist die Schaumpolyethylen-Rolle auch die ideale L\u00f6sung zum Ausf\u00fcllen von Hohlr\u00e4umen beim Verpacken und zum Umh\u00fcllen und Sch\u00fctzen von Gegenst\u00e4nden. Schaumpolyethylen gew\u00e4hrleistet n\u00e4mlich eine gute Isolierung Ihrer Waren und umh\u00fcllt sie, indem es sanft an den Oberfl\u00e4chen haftet. <\/p>\n<\/div>\n<\/div>\n","protected":false},"excerpt":{"rendered":"<p>Der gesamte Schutz und die Flexibilit\u00e4t, die Sie suchen.<\/p>\n","protected":false},"author":3,"featured_media":10830,"parent":0,"template":"","product_cat":[277],"class_list":["post-8157","product","type-product","status-publish","has-post-thumbnail","hentry","product_cat-verpackungen-aus-polyethylenschaum"],"acf":[],"_links":{"self":[{"href":"https:\/\/grupposerafin.it\/de\/wp-json\/wp\/v2\/product\/8157","targetHints":{"allow":["GET"]}}],"collection":[{"href":"https:\/\/grupposerafin.it\/de\/wp-json\/wp\/v2\/product"}],"about":[{"href":"https:\/\/grupposerafin.it\/de\/wp-json\/wp\/v2\/types\/product"}],"author":[{"embeddable":true,"href":"https:\/\/grupposerafin.it\/de\/wp-json\/wp\/v2\/users\/3"}],"version-history":[{"count":3,"href":"https:\/\/grupposerafin.it\/de\/wp-json\/wp\/v2\/product\/8157\/revisions"}],"predecessor-version":[{"id":13550,"href":"https:\/\/grupposerafin.it\/de\/wp-json\/wp\/v2\/product\/8157\/revisions\/13550"}],"wp:featuredmedia":[{"embeddable":true,"href":"https:\/\/grupposerafin.it\/de\/wp-json\/wp\/v2\/media\/10830"}],"wp:attachment":[{"href":"https:\/\/grupposerafin.it\/de\/wp-json\/wp\/v2\/media?parent=8157"}],"wp:term":[{"taxonomy":"product_cat","embeddable":true,"href":"https:\/\/grupposerafin.it\/de\/wp-json\/wp\/v2\/product_cat?post=8157"}],"curies":[{"name":"wp","href":"https:\/\/api.w.org\/{rel}","templated":true}]}}