{"id":8159,"date":"2019-04-10T10:40:52","date_gmt":"2019-04-10T08:40:52","guid":{"rendered":"https:\/\/grupposerafin.it\/prodotti\/beutel-und-sacke-aus-polyethylenschaum\/"},"modified":"2025-11-03T16:04:26","modified_gmt":"2025-11-03T15:04:26","slug":"beutel-und-sacke-aus-polyethylenschaum","status":"publish","type":"product","link":"https:\/\/grupposerafin.it\/de\/sf-packaging-de\/verpackungen-aus-polyethylenschaum\/beutel-und-sacke-aus-polyethylenschaum\/","title":{"rendered":"Beutel und S\u00e4cke aus expandiertem Polyethylen"},"content":{"rendered":"\n<div class=\"wp-block-columns is-layout-flex wp-container-core-columns-is-layout-28f84493 wp-block-columns-is-layout-flex\">\n<div class=\"wp-block-column is-layout-flow wp-block-column-is-layout-flow\">\n<figure class=\"wp-block-image size-large\"><img fetchpriority=\"high\" decoding=\"async\" width=\"819\" height=\"1024\" src=\"https:\/\/grupposerafin.it\/wp-content\/uploads\/2024\/07\/buste-sacchi-polipropilene-espanso-1-819x1024.jpg\" alt=\"\" class=\"wp-image-10841\" title=\"\" srcset=\"https:\/\/grupposerafin.it\/wp-content\/uploads\/2024\/07\/buste-sacchi-polipropilene-espanso-1-819x1024.jpg 819w, https:\/\/grupposerafin.it\/wp-content\/uploads\/2024\/07\/buste-sacchi-polipropilene-espanso-1-240x300.jpg 240w, https:\/\/grupposerafin.it\/wp-content\/uploads\/2024\/07\/buste-sacchi-polipropilene-espanso-1-768x960.jpg 768w, https:\/\/grupposerafin.it\/wp-content\/uploads\/2024\/07\/buste-sacchi-polipropilene-espanso-1.jpg 1080w\" sizes=\"(max-width: 819px) 100vw, 819px\" \/><\/figure>\n\n\n\n<p>Wenn die zu verpackenden Produkte vor Reibung, Abrieb und St\u00f6\u00dfen gesch\u00fctzt werden m\u00fcssen und mit Sorgfalt und Aufmerksamkeit behandelt werden m\u00fcssen (z. B. Geschirr und Besteck, Platten, elektronisches Material usw.), erm\u00f6glichen die S\u00e4cke und Beutel aus expandiertem Polyethylen eine optimale Beschichtung, wodurch eine weiche Trennschicht zwischen den Verpackungen entsteht.<\/p>\n<\/div>\n\n\n\n<div class=\"wp-block-column is-layout-flow wp-block-column-is-layout-flow\">\n<figure class=\"wp-block-image size-large\"><img decoding=\"async\" width=\"819\" height=\"1024\" src=\"https:\/\/grupposerafin.it\/wp-content\/uploads\/2024\/07\/buste-sacchi-polipropilene-espanso-2-819x1024.jpg\" alt=\"\" class=\"wp-image-10844\" title=\"\" srcset=\"https:\/\/grupposerafin.it\/wp-content\/uploads\/2024\/07\/buste-sacchi-polipropilene-espanso-2-819x1024.jpg 819w, https:\/\/grupposerafin.it\/wp-content\/uploads\/2024\/07\/buste-sacchi-polipropilene-espanso-2-240x300.jpg 240w, https:\/\/grupposerafin.it\/wp-content\/uploads\/2024\/07\/buste-sacchi-polipropilene-espanso-2-768x960.jpg 768w, https:\/\/grupposerafin.it\/wp-content\/uploads\/2024\/07\/buste-sacchi-polipropilene-espanso-2.jpg 1080w\" sizes=\"(max-width: 819px) 100vw, 819px\" \/><\/figure>\n\n\n\n<p>Die Beutel und S\u00e4cke aus Schaumstoff sind praktisch und einfach zu verwenden. <\/p>\n<\/div>\n<\/div>\n","protected":false},"excerpt":{"rendered":"<p>Sichern Sie Ihre Produkte mit der Weichheit von Schaumstoffbeuteln.<\/p>\n","protected":false},"author":3,"featured_media":10840,"parent":0,"template":"","product_cat":[277],"class_list":["post-8159","product","type-product","status-publish","has-post-thumbnail","hentry","product_cat-verpackungen-aus-polyethylenschaum"],"acf":[],"_links":{"self":[{"href":"https:\/\/grupposerafin.it\/de\/wp-json\/wp\/v2\/product\/8159","targetHints":{"allow":["GET"]}}],"collection":[{"href":"https:\/\/grupposerafin.it\/de\/wp-json\/wp\/v2\/product"}],"about":[{"href":"https:\/\/grupposerafin.it\/de\/wp-json\/wp\/v2\/types\/product"}],"author":[{"embeddable":true,"href":"https:\/\/grupposerafin.it\/de\/wp-json\/wp\/v2\/users\/3"}],"version-history":[{"count":3,"href":"https:\/\/grupposerafin.it\/de\/wp-json\/wp\/v2\/product\/8159\/revisions"}],"predecessor-version":[{"id":13558,"href":"https:\/\/grupposerafin.it\/de\/wp-json\/wp\/v2\/product\/8159\/revisions\/13558"}],"wp:featuredmedia":[{"embeddable":true,"href":"https:\/\/grupposerafin.it\/de\/wp-json\/wp\/v2\/media\/10840"}],"wp:attachment":[{"href":"https:\/\/grupposerafin.it\/de\/wp-json\/wp\/v2\/media?parent=8159"}],"wp:term":[{"taxonomy":"product_cat","embeddable":true,"href":"https:\/\/grupposerafin.it\/de\/wp-json\/wp\/v2\/product_cat?post=8159"}],"curies":[{"name":"wp","href":"https:\/\/api.w.org\/{rel}","templated":true}]}}