{"id":8161,"date":"2019-04-10T10:42:56","date_gmt":"2019-04-10T08:42:56","guid":{"rendered":"https:\/\/grupposerafin.it\/prodotti\/maschine-zum-befullen-von-luftpolstern\/"},"modified":"2025-11-03T15:43:14","modified_gmt":"2025-11-03T14:43:14","slug":"maschine-zum-befullen-von-luftpolstern","status":"publish","type":"product","link":"https:\/\/grupposerafin.it\/de\/sf-packaging-de\/fullsysteme\/maschine-zum-befullen-von-luftpolstern\/","title":{"rendered":"Luftkissenabf\u00fcllmaschine"},"content":{"rendered":"\n<div class=\"wp-block-columns is-layout-flex wp-container-core-columns-is-layout-28f84493 wp-block-columns-is-layout-flex\">\n<div class=\"wp-block-column is-layout-flow wp-block-column-is-layout-flow\">\n<figure class=\"wp-block-image size-large\"><img fetchpriority=\"high\" decoding=\"async\" width=\"819\" height=\"1024\" src=\"https:\/\/grupposerafin.it\/wp-content\/uploads\/2024\/07\/sistemi-riempimento-cuscini-aria-1-819x1024.jpg\" alt=\"\" class=\"wp-image-10891\" title=\"\" srcset=\"https:\/\/grupposerafin.it\/wp-content\/uploads\/2024\/07\/sistemi-riempimento-cuscini-aria-1-819x1024.jpg 819w, https:\/\/grupposerafin.it\/wp-content\/uploads\/2024\/07\/sistemi-riempimento-cuscini-aria-1-240x300.jpg 240w, https:\/\/grupposerafin.it\/wp-content\/uploads\/2024\/07\/sistemi-riempimento-cuscini-aria-1-768x960.jpg 768w, https:\/\/grupposerafin.it\/wp-content\/uploads\/2024\/07\/sistemi-riempimento-cuscini-aria-1.jpg 1080w\" sizes=\"(max-width: 819px) 100vw, 819px\" \/><\/figure>\n\n\n\n<p>Geliefert in praktischen Rollen zum Aufblasen bei Bedarf, vervollst\u00e4ndigen unsere Luftkissen f\u00fcr Verpackungen Ihre Verpackungen und sichern Ihre empfindlichsten Gegenst\u00e4nde. Die Luftkissenabf\u00fcllmaschine schafft ein Verpackungssystem, das sich an den Raum zwischen Karton und Produkt anpasst, die Waren sanft umh\u00fcllt und eine widerstandsf\u00e4hige Barriere gegen St\u00f6\u00dfe bildet.  <\/p>\n<\/div>\n\n\n\n<div class=\"wp-block-column is-layout-flow wp-block-column-is-layout-flow\">\n<figure class=\"wp-block-image size-large\"><img decoding=\"async\" width=\"819\" height=\"1024\" src=\"https:\/\/grupposerafin.it\/wp-content\/uploads\/2024\/07\/sistemi-riempimento-cuscini-aria-2-819x1024.jpg\" alt=\"\" class=\"wp-image-10894\" title=\"\" srcset=\"https:\/\/grupposerafin.it\/wp-content\/uploads\/2024\/07\/sistemi-riempimento-cuscini-aria-2-819x1024.jpg 819w, https:\/\/grupposerafin.it\/wp-content\/uploads\/2024\/07\/sistemi-riempimento-cuscini-aria-2-240x300.jpg 240w, https:\/\/grupposerafin.it\/wp-content\/uploads\/2024\/07\/sistemi-riempimento-cuscini-aria-2-768x960.jpg 768w, https:\/\/grupposerafin.it\/wp-content\/uploads\/2024\/07\/sistemi-riempimento-cuscini-aria-2.jpg 1080w\" sizes=\"(max-width: 819px) 100vw, 819px\" \/><\/figure>\n\n\n\n<p>Die Rollen mit Luftkissen und Maxibubble-Folie sind dank ihres minimalen Platzbedarfs leicht zu lagern. Die Luftkissenabf\u00fcllmaschinen sind leicht und einfach zu bedienen, auf R\u00e4dern montiert, um sie leicht zwischen den verschiedenen Verpackungslinien zu bewegen.<\/p>\n<\/div>\n<\/div>\n","protected":false},"excerpt":{"rendered":"<p>Leichtigkeit und Schutz mit maximaler Flexibilit\u00e4t in der Anwendung.<\/p>\n","protected":false},"author":3,"featured_media":9851,"parent":0,"template":"","product_cat":[278],"class_list":["post-8161","product","type-product","status-publish","has-post-thumbnail","hentry","product_cat-fullsysteme"],"acf":[],"_links":{"self":[{"href":"https:\/\/grupposerafin.it\/de\/wp-json\/wp\/v2\/product\/8161","targetHints":{"allow":["GET"]}}],"collection":[{"href":"https:\/\/grupposerafin.it\/de\/wp-json\/wp\/v2\/product"}],"about":[{"href":"https:\/\/grupposerafin.it\/de\/wp-json\/wp\/v2\/types\/product"}],"author":[{"embeddable":true,"href":"https:\/\/grupposerafin.it\/de\/wp-json\/wp\/v2\/users\/3"}],"version-history":[{"count":3,"href":"https:\/\/grupposerafin.it\/de\/wp-json\/wp\/v2\/product\/8161\/revisions"}],"predecessor-version":[{"id":12850,"href":"https:\/\/grupposerafin.it\/de\/wp-json\/wp\/v2\/product\/8161\/revisions\/12850"}],"wp:featuredmedia":[{"embeddable":true,"href":"https:\/\/grupposerafin.it\/de\/wp-json\/wp\/v2\/media\/9851"}],"wp:attachment":[{"href":"https:\/\/grupposerafin.it\/de\/wp-json\/wp\/v2\/media?parent=8161"}],"wp:term":[{"taxonomy":"product_cat","embeddable":true,"href":"https:\/\/grupposerafin.it\/de\/wp-json\/wp\/v2\/product_cat?post=8161"}],"curies":[{"name":"wp","href":"https:\/\/api.w.org\/{rel}","templated":true}]}}