{"id":8163,"date":"2019-04-10T10:45:11","date_gmt":"2019-04-10T08:45:11","guid":{"rendered":"https:\/\/grupposerafin.it\/prodotti\/system-zum-befullen-mit-papier\/"},"modified":"2025-11-03T15:43:14","modified_gmt":"2025-11-03T14:43:14","slug":"system-zum-befullen-mit-papier","status":"publish","type":"product","link":"https:\/\/grupposerafin.it\/de\/sf-packaging-de\/fullsysteme\/system-zum-befullen-mit-papier\/","title":{"rendered":"Papierf\u00fcllsysteme"},"content":{"rendered":"\n<div class=\"wp-block-columns is-layout-flex wp-container-core-columns-is-layout-28f84493 wp-block-columns-is-layout-flex\">\n<div class=\"wp-block-column is-layout-flow wp-block-column-is-layout-flow\">\n<figure class=\"wp-block-image size-large\"><img fetchpriority=\"high\" decoding=\"async\" width=\"819\" height=\"1024\" src=\"https:\/\/grupposerafin.it\/wp-content\/uploads\/2024\/07\/sistemi-riempimento-carta-1-819x1024.jpg\" alt=\"\" class=\"wp-image-10884\" title=\"\" srcset=\"https:\/\/grupposerafin.it\/wp-content\/uploads\/2024\/07\/sistemi-riempimento-carta-1-819x1024.jpg 819w, https:\/\/grupposerafin.it\/wp-content\/uploads\/2024\/07\/sistemi-riempimento-carta-1-240x300.jpg 240w, https:\/\/grupposerafin.it\/wp-content\/uploads\/2024\/07\/sistemi-riempimento-carta-1-768x960.jpg 768w, https:\/\/grupposerafin.it\/wp-content\/uploads\/2024\/07\/sistemi-riempimento-carta-1.jpg 1080w\" sizes=\"(max-width: 819px) 100vw, 819px\" \/><\/figure>\n\n\n\n<p>Unsere Papierf\u00fcllsysteme sind praktisch und schnell zu verwenden. Die Maschine, die unsere Verpackungen herstellt, verwendet zerknittertes Papier verschiedener St\u00e4rken und Abmessungen, um Produkte zu umh\u00fcllen und zu sch\u00fctzen sowie Hohlr\u00e4ume in Verpackungen zu f\u00fcllen.<\/p>\n<\/div>\n\n\n\n<div class=\"wp-block-column is-layout-flow wp-block-column-is-layout-flow\">\n<figure class=\"wp-block-image size-large\"><img decoding=\"async\" width=\"819\" height=\"1024\" src=\"https:\/\/grupposerafin.it\/wp-content\/uploads\/2024\/07\/sistemi-riempimento-carta-2-819x1024.jpg\" alt=\"\" class=\"wp-image-10887\" title=\"\" srcset=\"https:\/\/grupposerafin.it\/wp-content\/uploads\/2024\/07\/sistemi-riempimento-carta-2-819x1024.jpg 819w, https:\/\/grupposerafin.it\/wp-content\/uploads\/2024\/07\/sistemi-riempimento-carta-2-240x300.jpg 240w, https:\/\/grupposerafin.it\/wp-content\/uploads\/2024\/07\/sistemi-riempimento-carta-2-768x960.jpg 768w, https:\/\/grupposerafin.it\/wp-content\/uploads\/2024\/07\/sistemi-riempimento-carta-2.jpg 1080w\" sizes=\"(max-width: 819px) 100vw, 819px\" \/><\/figure>\n\n\n\n<p>Das Papierf\u00fcllsystem ist auch die logistisch einfachste L\u00f6sung (das Papier in Rollen nimmt vor der Verarbeitung wenig Platz ein) und die nachhaltigste: Das Papier stammt aus recyceltem Material und kann umweltfreundlich entsorgt werden.<\/p>\n<\/div>\n<\/div>\n","protected":false},"excerpt":{"rendered":"<p>Maximale Widerstandsf\u00e4higkeit und Schutz mit Polsterpapier.<\/p>\n","protected":false},"author":3,"featured_media":10883,"parent":0,"template":"","product_cat":[278],"class_list":["post-8163","product","type-product","status-publish","has-post-thumbnail","hentry","product_cat-fullsysteme"],"acf":[],"_links":{"self":[{"href":"https:\/\/grupposerafin.it\/de\/wp-json\/wp\/v2\/product\/8163","targetHints":{"allow":["GET"]}}],"collection":[{"href":"https:\/\/grupposerafin.it\/de\/wp-json\/wp\/v2\/product"}],"about":[{"href":"https:\/\/grupposerafin.it\/de\/wp-json\/wp\/v2\/types\/product"}],"author":[{"embeddable":true,"href":"https:\/\/grupposerafin.it\/de\/wp-json\/wp\/v2\/users\/3"}],"version-history":[{"count":3,"href":"https:\/\/grupposerafin.it\/de\/wp-json\/wp\/v2\/product\/8163\/revisions"}],"predecessor-version":[{"id":12839,"href":"https:\/\/grupposerafin.it\/de\/wp-json\/wp\/v2\/product\/8163\/revisions\/12839"}],"wp:featuredmedia":[{"embeddable":true,"href":"https:\/\/grupposerafin.it\/de\/wp-json\/wp\/v2\/media\/10883"}],"wp:attachment":[{"href":"https:\/\/grupposerafin.it\/de\/wp-json\/wp\/v2\/media?parent=8163"}],"wp:term":[{"taxonomy":"product_cat","embeddable":true,"href":"https:\/\/grupposerafin.it\/de\/wp-json\/wp\/v2\/product_cat?post=8163"}],"curies":[{"name":"wp","href":"https:\/\/api.w.org\/{rel}","templated":true}]}}