{"id":8217,"date":"2019-04-11T13:08:03","date_gmt":"2019-04-11T11:08:03","guid":{"rendered":"https:\/\/grupposerafin.it\/prodotti\/geformter-polyethylenschaum\/"},"modified":"2025-11-03T16:04:54","modified_gmt":"2025-11-03T15:04:54","slug":"geformter-polyethylenschaum","status":"publish","type":"product","link":"https:\/\/grupposerafin.it\/de\/staticontrol-de\/polyethylenschaum\/geformter-polyethylenschaum\/","title":{"rendered":"Geformter Polyethylenschaum"},"content":{"rendered":"\n<div class=\"wp-block-columns is-layout-flex wp-container-core-columns-is-layout-28f84493 wp-block-columns-is-layout-flex\">\n<div class=\"wp-block-column is-layout-flow wp-block-column-is-layout-flow\">\n<figure class=\"wp-block-image size-large\"><img fetchpriority=\"high\" decoding=\"async\" width=\"819\" height=\"1024\" src=\"https:\/\/grupposerafin.it\/wp-content\/uploads\/2024\/07\/sagomato-1-819x1024.jpg\" alt=\"\" class=\"wp-image-10265\" title=\"\" srcset=\"https:\/\/grupposerafin.it\/wp-content\/uploads\/2024\/07\/sagomato-1-819x1024.jpg 819w, https:\/\/grupposerafin.it\/wp-content\/uploads\/2024\/07\/sagomato-1-240x300.jpg 240w, https:\/\/grupposerafin.it\/wp-content\/uploads\/2024\/07\/sagomato-1-768x960.jpg 768w, https:\/\/grupposerafin.it\/wp-content\/uploads\/2024\/07\/sagomato-1.jpg 1080w\" sizes=\"(max-width: 819px) 100vw, 819px\" \/><\/figure>\n\n\n\n<p>Formschaum aus Polyethylen ist das ideale Material f\u00fcr massgeschneiderte Verpackungen, auch in kleinem Ma\u00dfstab. Die Kombination aus unterschiedlichen St\u00e4rken und Dichten erm\u00f6glicht die Entwicklung eines speziellen Schutzes bei geringstm\u00f6glichem Materialeinsatz, wodurch das Volumen auf ein Minimum reduziert wird. <\/p>\n<\/div>\n\n\n\n<div class=\"wp-block-column is-layout-flow wp-block-column-is-layout-flow\">\n<figure class=\"wp-block-image size-large\"><img decoding=\"async\" width=\"819\" height=\"1024\" src=\"https:\/\/grupposerafin.it\/wp-content\/uploads\/2024\/07\/sagomato-2-819x1024.jpg\" alt=\"\" class=\"wp-image-10268\" title=\"\" srcset=\"https:\/\/grupposerafin.it\/wp-content\/uploads\/2024\/07\/sagomato-2-819x1024.jpg 819w, https:\/\/grupposerafin.it\/wp-content\/uploads\/2024\/07\/sagomato-2-240x300.jpg 240w, https:\/\/grupposerafin.it\/wp-content\/uploads\/2024\/07\/sagomato-2-768x960.jpg 768w, https:\/\/grupposerafin.it\/wp-content\/uploads\/2024\/07\/sagomato-2.jpg 1080w\" sizes=\"(max-width: 819px) 100vw, 819px\" \/><\/figure>\n\n\n\n<p>Schalen oder Hauben, Trays und selbstmontierende Eckwinkel geh\u00f6ren zu den gefragtesten Ausf\u00fchrungen f\u00fcr den Schutz empfindlicher Teile bei der internen Handhabung oder beim Transport. Alle Bearbeitungen sind in der klassischen wei\u00dfen oder in der schwarzen Version erh\u00e4ltlich. <\/p>\n<\/div>\n<\/div>\n","protected":false},"excerpt":{"rendered":"<p>Maximaler Schutz f\u00fcr Ihre Produkte.<\/p>\n","protected":false},"author":3,"featured_media":10273,"parent":0,"template":"","product_cat":[285],"class_list":["post-8217","product","type-product","status-publish","has-post-thumbnail","hentry","product_cat-polyethylenschaum"],"acf":[],"_links":{"self":[{"href":"https:\/\/grupposerafin.it\/de\/wp-json\/wp\/v2\/product\/8217","targetHints":{"allow":["GET"]}}],"collection":[{"href":"https:\/\/grupposerafin.it\/de\/wp-json\/wp\/v2\/product"}],"about":[{"href":"https:\/\/grupposerafin.it\/de\/wp-json\/wp\/v2\/types\/product"}],"author":[{"embeddable":true,"href":"https:\/\/grupposerafin.it\/de\/wp-json\/wp\/v2\/users\/3"}],"version-history":[{"count":3,"href":"https:\/\/grupposerafin.it\/de\/wp-json\/wp\/v2\/product\/8217\/revisions"}],"predecessor-version":[{"id":13569,"href":"https:\/\/grupposerafin.it\/de\/wp-json\/wp\/v2\/product\/8217\/revisions\/13569"}],"wp:featuredmedia":[{"embeddable":true,"href":"https:\/\/grupposerafin.it\/de\/wp-json\/wp\/v2\/media\/10273"}],"wp:attachment":[{"href":"https:\/\/grupposerafin.it\/de\/wp-json\/wp\/v2\/media?parent=8217"}],"wp:term":[{"taxonomy":"product_cat","embeddable":true,"href":"https:\/\/grupposerafin.it\/de\/wp-json\/wp\/v2\/product_cat?post=8217"}],"curies":[{"name":"wp","href":"https:\/\/api.w.org\/{rel}","templated":true}]}}