{"id":8219,"date":"2019-04-11T13:09:22","date_gmt":"2019-04-11T11:09:22","guid":{"rendered":"https:\/\/grupposerafin.it\/prodotti\/antistatischer-polyethylenschaum\/"},"modified":"2025-11-03T16:04:54","modified_gmt":"2025-11-03T15:04:54","slug":"antistatischer-polyethylenschaum","status":"publish","type":"product","link":"https:\/\/grupposerafin.it\/de\/staticontrol-de\/polyethylenschaum\/antistatischer-polyethylenschaum\/","title":{"rendered":"Antistatischer Polyethylenschaum"},"content":{"rendered":"\n<div class=\"wp-block-columns is-layout-flex wp-container-core-columns-is-layout-28f84493 wp-block-columns-is-layout-flex\">\n<div class=\"wp-block-column is-layout-flow wp-block-column-is-layout-flow\">\n<figure class=\"wp-block-image size-large\"><img fetchpriority=\"high\" decoding=\"async\" width=\"819\" height=\"1024\" src=\"https:\/\/grupposerafin.it\/wp-content\/uploads\/2024\/07\/antistatici-rosa-1-819x1024.jpg\" alt=\"\" class=\"wp-image-10135\" title=\"\" srcset=\"https:\/\/grupposerafin.it\/wp-content\/uploads\/2024\/07\/antistatici-rosa-1-819x1024.jpg 819w, https:\/\/grupposerafin.it\/wp-content\/uploads\/2024\/07\/antistatici-rosa-1-240x300.jpg 240w, https:\/\/grupposerafin.it\/wp-content\/uploads\/2024\/07\/antistatici-rosa-1-768x960.jpg 768w, https:\/\/grupposerafin.it\/wp-content\/uploads\/2024\/07\/antistatici-rosa-1.jpg 1080w\" sizes=\"(max-width: 819px) 100vw, 819px\" \/><\/figure>\n\n\n\n<p>Der antistatische Polyethylenschaum in der klassischen rosa Farbe erm\u00f6glicht die Formung von Verpackungen, die das Produkt vor elektrostatischen Aufladungen sch\u00fctzen. Er wird h\u00e4ufig f\u00fcr den internen Transport in Elektronikunternehmen verwendet und ist auch das ideale Material f\u00fcr den Versand empfindlicher Komponenten. <\/p>\n<\/div>\n\n\n\n<div class=\"wp-block-column is-layout-flow wp-block-column-is-layout-flow\">\n<figure class=\"wp-block-image size-large\"><img decoding=\"async\" width=\"819\" height=\"1024\" src=\"https:\/\/grupposerafin.it\/wp-content\/uploads\/2024\/07\/antistatici-rosa-2-819x1024.jpg\" alt=\"\" class=\"wp-image-10138\" title=\"\" srcset=\"https:\/\/grupposerafin.it\/wp-content\/uploads\/2024\/07\/antistatici-rosa-2-819x1024.jpg 819w, https:\/\/grupposerafin.it\/wp-content\/uploads\/2024\/07\/antistatici-rosa-2-240x300.jpg 240w, https:\/\/grupposerafin.it\/wp-content\/uploads\/2024\/07\/antistatici-rosa-2-768x960.jpg 768w, https:\/\/grupposerafin.it\/wp-content\/uploads\/2024\/07\/antistatici-rosa-2.jpg 1080w\" sizes=\"(max-width: 819px) 100vw, 819px\" \/><\/figure>\n\n\n\n<p>Elektronische Produkte werden so vor elektrostatischen Aufladungen gesch\u00fctzt und gleichzeitig vor physikalischen Einwirkungen wie St\u00fcrzen oder wiederholten Vibrationen bewahrt, die h\u00e4ufig beim Transport auftreten.<\/p>\n<\/div>\n<\/div>\n","protected":false},"excerpt":{"rendered":"<p>Vollst\u00e4ndiger Schutz und Materialschonung.<\/p>\n","protected":false},"author":3,"featured_media":10143,"parent":0,"template":"","product_cat":[285],"class_list":["post-8219","product","type-product","status-publish","has-post-thumbnail","hentry","product_cat-polyethylenschaum"],"acf":[],"_links":{"self":[{"href":"https:\/\/grupposerafin.it\/de\/wp-json\/wp\/v2\/product\/8219","targetHints":{"allow":["GET"]}}],"collection":[{"href":"https:\/\/grupposerafin.it\/de\/wp-json\/wp\/v2\/product"}],"about":[{"href":"https:\/\/grupposerafin.it\/de\/wp-json\/wp\/v2\/types\/product"}],"author":[{"embeddable":true,"href":"https:\/\/grupposerafin.it\/de\/wp-json\/wp\/v2\/users\/3"}],"version-history":[{"count":3,"href":"https:\/\/grupposerafin.it\/de\/wp-json\/wp\/v2\/product\/8219\/revisions"}],"predecessor-version":[{"id":13577,"href":"https:\/\/grupposerafin.it\/de\/wp-json\/wp\/v2\/product\/8219\/revisions\/13577"}],"wp:featuredmedia":[{"embeddable":true,"href":"https:\/\/grupposerafin.it\/de\/wp-json\/wp\/v2\/media\/10143"}],"wp:attachment":[{"href":"https:\/\/grupposerafin.it\/de\/wp-json\/wp\/v2\/media?parent=8219"}],"wp:term":[{"taxonomy":"product_cat","embeddable":true,"href":"https:\/\/grupposerafin.it\/de\/wp-json\/wp\/v2\/product_cat?post=8219"}],"curies":[{"name":"wp","href":"https:\/\/api.w.org\/{rel}","templated":true}]}}