{"id":8221,"date":"2019-04-11T13:10:38","date_gmt":"2019-04-11T11:10:38","guid":{"rendered":"https:\/\/grupposerafin.it\/prodotti\/antistatische-beutel\/"},"modified":"2025-11-03T16:04:55","modified_gmt":"2025-11-03T15:04:55","slug":"antistatische-beutel","status":"publish","type":"product","link":"https:\/\/grupposerafin.it\/de\/staticontrol-de\/antistatische-verpackung\/antistatische-beutel\/","title":{"rendered":"Antistatische Beutel"},"content":{"rendered":"\n<div class=\"wp-block-columns is-layout-flex wp-container-core-columns-is-layout-28f84493 wp-block-columns-is-layout-flex\">\n<div class=\"wp-block-column is-layout-flow wp-block-column-is-layout-flow\">\n<figure class=\"wp-block-image size-large\"><img fetchpriority=\"high\" decoding=\"async\" width=\"819\" height=\"1024\" src=\"https:\/\/grupposerafin.it\/wp-content\/uploads\/2024\/07\/busta-antistatica-1-819x1024.jpg\" alt=\"\" class=\"wp-image-10245\" title=\"\" srcset=\"https:\/\/grupposerafin.it\/wp-content\/uploads\/2024\/07\/busta-antistatica-1-819x1024.jpg 819w, https:\/\/grupposerafin.it\/wp-content\/uploads\/2024\/07\/busta-antistatica-1-240x300.jpg 240w, https:\/\/grupposerafin.it\/wp-content\/uploads\/2024\/07\/busta-antistatica-1-768x960.jpg 768w, https:\/\/grupposerafin.it\/wp-content\/uploads\/2024\/07\/busta-antistatica-1.jpg 1080w\" sizes=\"(max-width: 819px) 100vw, 819px\" \/><\/figure>\n\n\n\n<p>Die rosa antistatischen Beutel, auch als ESD-Beutel bekannt, werden in der Elektronikbranche zum Schutz von Bauteilen verwendet. Im Gegensatz zu neutralen Materialien verhindert das dissipative Polyethylen die Entstehung elektrostatischer Ladungen und sch\u00fctzt so das Produkt vor Besch\u00e4digungen.  <\/p>\n<\/div>\n\n\n\n<div class=\"wp-block-column is-layout-flow wp-block-column-is-layout-flow\">\n<figure class=\"wp-block-image size-large\"><img decoding=\"async\" width=\"819\" height=\"1024\" src=\"https:\/\/grupposerafin.it\/wp-content\/uploads\/2024\/07\/busta-antistatica-2-819x1024.jpg\" alt=\"\" class=\"wp-image-10248\" title=\"\" srcset=\"https:\/\/grupposerafin.it\/wp-content\/uploads\/2024\/07\/busta-antistatica-2-819x1024.jpg 819w, https:\/\/grupposerafin.it\/wp-content\/uploads\/2024\/07\/busta-antistatica-2-240x300.jpg 240w, https:\/\/grupposerafin.it\/wp-content\/uploads\/2024\/07\/busta-antistatica-2-768x960.jpg 768w, https:\/\/grupposerafin.it\/wp-content\/uploads\/2024\/07\/busta-antistatica-2.jpg 1080w\" sizes=\"(max-width: 819px) 100vw, 819px\" \/><\/figure>\n\n\n\n<p>Die ESD-Beutel k\u00f6nnen mit individuellen Ma\u00dfen und St\u00e4rken in sehr kurzen Produktionszeiten hergestellt werden. F\u00fcr diejenigen, die Beutel in verschiedenen Gr\u00f6\u00dfen in kleinen Mengen ben\u00f6tigen, sind auch hei\u00dfsiegelbare Schl\u00e4uche verf\u00fcgbar. Individuell anpassbare Abmessungen.  <\/p>\n<\/div>\n<\/div>\n","protected":false},"excerpt":{"rendered":"<p>Sch\u00fctzen Sie auch die kleinsten Bauteile mit ESD-Beuteln.<\/p>\n","protected":false},"author":6,"featured_media":10253,"parent":0,"template":"","product_cat":[286],"class_list":["post-8221","product","type-product","status-publish","has-post-thumbnail","hentry","product_cat-antistatische-verpackung"],"acf":[],"_links":{"self":[{"href":"https:\/\/grupposerafin.it\/de\/wp-json\/wp\/v2\/product\/8221","targetHints":{"allow":["GET"]}}],"collection":[{"href":"https:\/\/grupposerafin.it\/de\/wp-json\/wp\/v2\/product"}],"about":[{"href":"https:\/\/grupposerafin.it\/de\/wp-json\/wp\/v2\/types\/product"}],"author":[{"embeddable":true,"href":"https:\/\/grupposerafin.it\/de\/wp-json\/wp\/v2\/users\/6"}],"version-history":[{"count":3,"href":"https:\/\/grupposerafin.it\/de\/wp-json\/wp\/v2\/product\/8221\/revisions"}],"predecessor-version":[{"id":13565,"href":"https:\/\/grupposerafin.it\/de\/wp-json\/wp\/v2\/product\/8221\/revisions\/13565"}],"wp:featuredmedia":[{"embeddable":true,"href":"https:\/\/grupposerafin.it\/de\/wp-json\/wp\/v2\/media\/10253"}],"wp:attachment":[{"href":"https:\/\/grupposerafin.it\/de\/wp-json\/wp\/v2\/media?parent=8221"}],"wp:term":[{"taxonomy":"product_cat","embeddable":true,"href":"https:\/\/grupposerafin.it\/de\/wp-json\/wp\/v2\/product_cat?post=8221"}],"curies":[{"name":"wp","href":"https:\/\/api.w.org\/{rel}","templated":true}]}}