{"id":8223,"date":"2019-04-11T13:14:54","date_gmt":"2019-04-11T11:14:54","guid":{"rendered":"https:\/\/grupposerafin.it\/prodotti\/antistatische-pluriball-beutel\/"},"modified":"2025-11-03T15:43:14","modified_gmt":"2025-11-03T14:43:14","slug":"antistatische-pluriball-beutel","status":"publish","type":"product","link":"https:\/\/grupposerafin.it\/de\/staticontrol-de\/antistatische-verpackung\/antistatische-pluriball-beutel\/","title":{"rendered":"Antistatische Luftpolsterbeutel"},"content":{"rendered":"\n<div class=\"wp-block-columns is-layout-flex wp-container-core-columns-is-layout-28f84493 wp-block-columns-is-layout-flex\">\n<div class=\"wp-block-column is-layout-flow wp-block-column-is-layout-flow\">\n<figure class=\"wp-block-image size-large\"><img fetchpriority=\"high\" decoding=\"async\" width=\"819\" height=\"1024\" src=\"https:\/\/grupposerafin.it\/wp-content\/uploads\/2024\/07\/pluriball-antistatico-1-819x1024.jpg\" alt=\"\" class=\"wp-image-10255\" title=\"\" srcset=\"https:\/\/grupposerafin.it\/wp-content\/uploads\/2024\/07\/pluriball-antistatico-1-819x1024.jpg 819w, https:\/\/grupposerafin.it\/wp-content\/uploads\/2024\/07\/pluriball-antistatico-1-240x300.jpg 240w, https:\/\/grupposerafin.it\/wp-content\/uploads\/2024\/07\/pluriball-antistatico-1-768x960.jpg 768w, https:\/\/grupposerafin.it\/wp-content\/uploads\/2024\/07\/pluriball-antistatico-1.jpg 1080w\" sizes=\"(max-width: 819px) 100vw, 819px\" \/><\/figure>\n\n\n\n<p>Die antistatischen Luftpolsterbeutel eignen sich besonders f\u00fcr die Verpackung von elektronischen Bauteilen, die einen h\u00f6heren Schutz ben\u00f6tigen als ein einfacher antistatischer Beutel. Die antistatischen Luftpolsterbeutel k\u00f6nnen in sehr kurzer Produktionszeit mit individuellen Abmessungen und gegebenenfalls mit einer selbstklebenden Klappe hergestellt werden. <\/p>\n<\/div>\n\n\n\n<div class=\"wp-block-column is-layout-flow wp-block-column-is-layout-flow\">\n<figure class=\"wp-block-image size-large\"><img decoding=\"async\" width=\"819\" height=\"1024\" src=\"https:\/\/grupposerafin.it\/wp-content\/uploads\/2024\/07\/pluriball-antistatico-2-819x1024.jpg\" alt=\"\" class=\"wp-image-10258\" title=\"\" srcset=\"https:\/\/grupposerafin.it\/wp-content\/uploads\/2024\/07\/pluriball-antistatico-2-819x1024.jpg 819w, https:\/\/grupposerafin.it\/wp-content\/uploads\/2024\/07\/pluriball-antistatico-2-240x300.jpg 240w, https:\/\/grupposerafin.it\/wp-content\/uploads\/2024\/07\/pluriball-antistatico-2-768x960.jpg 768w, https:\/\/grupposerafin.it\/wp-content\/uploads\/2024\/07\/pluriball-antistatico-2.jpg 1080w\" sizes=\"(max-width: 819px) 100vw, 819px\" \/><\/figure>\n\n\n\n<p>Die antistatische Luftpolsterfolie, aus der die Beutel hergestellt werden, kann auch als Rolle geliefert oder in verschiedene H\u00f6hen und Formate geschnitten werden, um alle Verpackungsanforderungen des Kunden zu erf\u00fcllen. Anpassbare Abmessungen. <\/p>\n<\/div>\n<\/div>\n","protected":false},"excerpt":{"rendered":"<p>Die sto\u00dfd\u00e4mpfende Luftpolsterfolie, die vollst\u00e4ndige Antistatik gew\u00e4hrleistet.<\/p>\n","protected":false},"author":6,"featured_media":10263,"parent":0,"template":"","product_cat":[286],"class_list":["post-8223","product","type-product","status-publish","has-post-thumbnail","hentry","product_cat-antistatische-verpackung"],"acf":[],"_links":{"self":[{"href":"https:\/\/grupposerafin.it\/de\/wp-json\/wp\/v2\/product\/8223","targetHints":{"allow":["GET"]}}],"collection":[{"href":"https:\/\/grupposerafin.it\/de\/wp-json\/wp\/v2\/product"}],"about":[{"href":"https:\/\/grupposerafin.it\/de\/wp-json\/wp\/v2\/types\/product"}],"author":[{"embeddable":true,"href":"https:\/\/grupposerafin.it\/de\/wp-json\/wp\/v2\/users\/6"}],"version-history":[{"count":3,"href":"https:\/\/grupposerafin.it\/de\/wp-json\/wp\/v2\/product\/8223\/revisions"}],"predecessor-version":[{"id":12843,"href":"https:\/\/grupposerafin.it\/de\/wp-json\/wp\/v2\/product\/8223\/revisions\/12843"}],"wp:featuredmedia":[{"embeddable":true,"href":"https:\/\/grupposerafin.it\/de\/wp-json\/wp\/v2\/media\/10263"}],"wp:attachment":[{"href":"https:\/\/grupposerafin.it\/de\/wp-json\/wp\/v2\/media?parent=8223"}],"wp:term":[{"taxonomy":"product_cat","embeddable":true,"href":"https:\/\/grupposerafin.it\/de\/wp-json\/wp\/v2\/product_cat?post=8223"}],"curies":[{"name":"wp","href":"https:\/\/api.w.org\/{rel}","templated":true}]}}