{"id":8225,"date":"2019-04-11T13:17:37","date_gmt":"2019-04-11T11:17:37","guid":{"rendered":"https:\/\/grupposerafin.it\/prodotti\/abgeschirmte-beutel\/"},"modified":"2025-11-03T15:45:45","modified_gmt":"2025-11-03T14:45:45","slug":"abgeschirmte-beutel","status":"publish","type":"product","link":"https:\/\/grupposerafin.it\/de\/staticontrol-de\/antistatische-verpackung\/abgeschirmte-beutel\/","title":{"rendered":"Abschirmbeutel"},"content":{"rendered":"\n<div class=\"wp-block-columns is-layout-flex wp-container-core-columns-is-layout-28f84493 wp-block-columns-is-layout-flex\">\n<div class=\"wp-block-column is-layout-flow wp-block-column-is-layout-flow\">\n<figure class=\"wp-block-image size-large\"><img fetchpriority=\"high\" decoding=\"async\" width=\"819\" height=\"1024\" src=\"https:\/\/grupposerafin.it\/wp-content\/uploads\/2024\/07\/busta-shielding-1-819x1024.jpg\" alt=\"\" class=\"wp-image-10238\" title=\"\" srcset=\"https:\/\/grupposerafin.it\/wp-content\/uploads\/2024\/07\/busta-shielding-1-819x1024.jpg 819w, https:\/\/grupposerafin.it\/wp-content\/uploads\/2024\/07\/busta-shielding-1-240x300.jpg 240w, https:\/\/grupposerafin.it\/wp-content\/uploads\/2024\/07\/busta-shielding-1-768x960.jpg 768w, https:\/\/grupposerafin.it\/wp-content\/uploads\/2024\/07\/busta-shielding-1.jpg 1080w\" sizes=\"(max-width: 819px) 100vw, 819px\" \/><\/figure>\n\n\n\n<p>Abschirmbeutel sind mehrschichtige, abschirmende und antistatische Beutel, die das Eindringen von elektrostatischen Feldern verhindern, welche elektronische Bauteile sch\u00e4digen k\u00f6nnen. Sie bestehen aus einer Schicht Polyesterlaminat, einer metallisierten Schicht und einer weiteren Schicht Polyesterlaminat. <\/p>\n<\/div>\n\n\n\n<div class=\"wp-block-column is-layout-flow wp-block-column-is-layout-flow\">\n<figure class=\"wp-block-image size-large\"><img decoding=\"async\" width=\"819\" height=\"1024\" src=\"https:\/\/grupposerafin.it\/wp-content\/uploads\/2024\/07\/busta-shielding-2-819x1024.jpg\" alt=\"\" class=\"wp-image-10241\" title=\"\" srcset=\"https:\/\/grupposerafin.it\/wp-content\/uploads\/2024\/07\/busta-shielding-2-819x1024.jpg 819w, https:\/\/grupposerafin.it\/wp-content\/uploads\/2024\/07\/busta-shielding-2-240x300.jpg 240w, https:\/\/grupposerafin.it\/wp-content\/uploads\/2024\/07\/busta-shielding-2-768x960.jpg 768w, https:\/\/grupposerafin.it\/wp-content\/uploads\/2024\/07\/busta-shielding-2.jpg 1080w\" sizes=\"(max-width: 819px) 100vw, 819px\" \/><\/figure>\n\n\n\n<p>Diese Zusammensetzung bietet eine Abschirmung nach dem \u201eFaraday-K\u00e4fig-Effekt\u201c, die vor externen statischen Ph\u00e4nomenen sch\u00fctzt. Die Transparenz des Beutels erm\u00f6glicht eine einfache Identifizierung des Inhalts. Die Beutel sind in verschiedenen Gr\u00f6\u00dfen und mit Rei\u00dfverschluss erh\u00e4ltlich. Standardgr\u00f6\u00dfen sind ab Lager verf\u00fcgbar.   <\/p>\n<\/div>\n<\/div>\n","protected":false},"excerpt":{"rendered":"<p>Die effektivsten ESD-Abschirmbeutel.<\/p>\n","protected":false},"author":6,"featured_media":10237,"parent":0,"template":"","product_cat":[286],"class_list":["post-8225","product","type-product","status-publish","has-post-thumbnail","hentry","product_cat-antistatische-verpackung"],"acf":[],"_links":{"self":[{"href":"https:\/\/grupposerafin.it\/de\/wp-json\/wp\/v2\/product\/8225","targetHints":{"allow":["GET"]}}],"collection":[{"href":"https:\/\/grupposerafin.it\/de\/wp-json\/wp\/v2\/product"}],"about":[{"href":"https:\/\/grupposerafin.it\/de\/wp-json\/wp\/v2\/types\/product"}],"author":[{"embeddable":true,"href":"https:\/\/grupposerafin.it\/de\/wp-json\/wp\/v2\/users\/6"}],"version-history":[{"count":3,"href":"https:\/\/grupposerafin.it\/de\/wp-json\/wp\/v2\/product\/8225\/revisions"}],"predecessor-version":[{"id":12938,"href":"https:\/\/grupposerafin.it\/de\/wp-json\/wp\/v2\/product\/8225\/revisions\/12938"}],"wp:featuredmedia":[{"embeddable":true,"href":"https:\/\/grupposerafin.it\/de\/wp-json\/wp\/v2\/media\/10237"}],"wp:attachment":[{"href":"https:\/\/grupposerafin.it\/de\/wp-json\/wp\/v2\/media?parent=8225"}],"wp:term":[{"taxonomy":"product_cat","embeddable":true,"href":"https:\/\/grupposerafin.it\/de\/wp-json\/wp\/v2\/product_cat?post=8225"}],"curies":[{"name":"wp","href":"https:\/\/api.w.org\/{rel}","templated":true}]}}