{"id":8227,"date":"2019-04-11T13:19:57","date_gmt":"2019-04-11T11:19:57","guid":{"rendered":"https:\/\/grupposerafin.it\/prodotti\/barrierebeutel\/"},"modified":"2025-11-03T15:43:14","modified_gmt":"2025-11-03T14:43:14","slug":"barrierebeutel","status":"publish","type":"product","link":"https:\/\/grupposerafin.it\/de\/staticontrol-de\/antistatische-verpackung\/barrierebeutel\/","title":{"rendered":"Barrierebeutel"},"content":{"rendered":"\n<div class=\"wp-block-columns is-layout-flex wp-container-core-columns-is-layout-28f84493 wp-block-columns-is-layout-flex\">\n<div class=\"wp-block-column is-layout-flow wp-block-column-is-layout-flow\">\n<figure class=\"wp-block-image size-large\"><img fetchpriority=\"high\" decoding=\"async\" width=\"819\" height=\"1024\" src=\"https:\/\/grupposerafin.it\/wp-content\/uploads\/2024\/07\/busta-barriera-1-819x1024.jpg\" alt=\"\" class=\"wp-image-10225\" title=\"\" srcset=\"https:\/\/grupposerafin.it\/wp-content\/uploads\/2024\/07\/busta-barriera-1-819x1024.jpg 819w, https:\/\/grupposerafin.it\/wp-content\/uploads\/2024\/07\/busta-barriera-1-240x300.jpg 240w, https:\/\/grupposerafin.it\/wp-content\/uploads\/2024\/07\/busta-barriera-1-768x960.jpg 768w, https:\/\/grupposerafin.it\/wp-content\/uploads\/2024\/07\/busta-barriera-1.jpg 1080w\" sizes=\"(max-width: 819px) 100vw, 819px\" \/><\/figure>\n\n\n\n<p>Die Barrierebeutel oder Dri-Shield-Beutel sind die ideale L\u00f6sung f\u00fcr die Vakuumverpackung von elektronischen Komponenten, die eine feuchtigkeitskontrollierte Umgebung ben\u00f6tigen. Besonders geeignet f\u00fcr die Verpackung von SMD-Komponenten und empfindlichen Bauteilen, sind sie hei\u00dfsiegelbar und best\u00e4ndig gegen Perforation und Rei\u00dfen. <\/p>\n<\/div>\n\n\n\n<div class=\"wp-block-column is-layout-flow wp-block-column-is-layout-flow\">\n<figure class=\"wp-block-image size-large\"><img decoding=\"async\" width=\"819\" height=\"1024\" src=\"https:\/\/grupposerafin.it\/wp-content\/uploads\/2024\/07\/busta-barriera-2-819x1024.jpg\" alt=\"\" class=\"wp-image-10228\" title=\"\" srcset=\"https:\/\/grupposerafin.it\/wp-content\/uploads\/2024\/07\/busta-barriera-2-819x1024.jpg 819w, https:\/\/grupposerafin.it\/wp-content\/uploads\/2024\/07\/busta-barriera-2-240x300.jpg 240w, https:\/\/grupposerafin.it\/wp-content\/uploads\/2024\/07\/busta-barriera-2-768x960.jpg 768w, https:\/\/grupposerafin.it\/wp-content\/uploads\/2024\/07\/busta-barriera-2.jpg 1080w\" sizes=\"(max-width: 819px) 100vw, 819px\" \/><\/figure>\n\n\n\n<p>Diese Beutel werden oft von Feuchtigkeitsindikatoren und Silicagel-Trockenmitteln begleitet. Sortiertes Lager mit Produkten in Standardgr\u00f6\u00dfen, auf Anfrage erh\u00e4ltlich. <\/p>\n<\/div>\n<\/div>\n","protected":false},"excerpt":{"rendered":"<p>Der Schutz vor Feuchtigkeitsrisiken.<\/p>\n","protected":false},"author":6,"featured_media":10233,"parent":0,"template":"","product_cat":[286],"class_list":["post-8227","product","type-product","status-publish","has-post-thumbnail","hentry","product_cat-antistatische-verpackung"],"acf":[],"_links":{"self":[{"href":"https:\/\/grupposerafin.it\/de\/wp-json\/wp\/v2\/product\/8227","targetHints":{"allow":["GET"]}}],"collection":[{"href":"https:\/\/grupposerafin.it\/de\/wp-json\/wp\/v2\/product"}],"about":[{"href":"https:\/\/grupposerafin.it\/de\/wp-json\/wp\/v2\/types\/product"}],"author":[{"embeddable":true,"href":"https:\/\/grupposerafin.it\/de\/wp-json\/wp\/v2\/users\/6"}],"version-history":[{"count":3,"href":"https:\/\/grupposerafin.it\/de\/wp-json\/wp\/v2\/product\/8227\/revisions"}],"predecessor-version":[{"id":12854,"href":"https:\/\/grupposerafin.it\/de\/wp-json\/wp\/v2\/product\/8227\/revisions\/12854"}],"wp:featuredmedia":[{"embeddable":true,"href":"https:\/\/grupposerafin.it\/de\/wp-json\/wp\/v2\/media\/10233"}],"wp:attachment":[{"href":"https:\/\/grupposerafin.it\/de\/wp-json\/wp\/v2\/media?parent=8227"}],"wp:term":[{"taxonomy":"product_cat","embeddable":true,"href":"https:\/\/grupposerafin.it\/de\/wp-json\/wp\/v2\/product_cat?post=8227"}],"curies":[{"name":"wp","href":"https:\/\/api.w.org\/{rel}","templated":true}]}}