{"id":8231,"date":"2019-04-11T13:24:53","date_gmt":"2019-04-11T11:24:53","guid":{"rendered":"https:\/\/grupposerafin.it\/prodotti\/werkbanke-fur-die-elektronik\/"},"modified":"2025-11-03T15:45:45","modified_gmt":"2025-11-03T14:45:45","slug":"werkbanke-fur-die-elektronik","status":"publish","type":"product","link":"https:\/\/grupposerafin.it\/de\/staticontrol-de\/epa-bereich\/werkbanke-fur-die-elektronik\/","title":{"rendered":"Werkb\u00e4nke f\u00fcr Elektronik"},"content":{"rendered":"\n<div class=\"wp-block-columns is-layout-flex wp-container-core-columns-is-layout-28f84493 wp-block-columns-is-layout-flex\">\n<div class=\"wp-block-column is-layout-flow wp-block-column-is-layout-flow\">\n<figure class=\"wp-block-image size-large\"><img fetchpriority=\"high\" decoding=\"async\" width=\"819\" height=\"1024\" src=\"https:\/\/grupposerafin.it\/wp-content\/uploads\/2024\/07\/banchi-da-lavoro-1-819x1024.jpg\" alt=\"\" class=\"wp-image-10128\" title=\"\" srcset=\"https:\/\/grupposerafin.it\/wp-content\/uploads\/2024\/07\/banchi-da-lavoro-1-819x1024.jpg 819w, https:\/\/grupposerafin.it\/wp-content\/uploads\/2024\/07\/banchi-da-lavoro-1-240x300.jpg 240w, https:\/\/grupposerafin.it\/wp-content\/uploads\/2024\/07\/banchi-da-lavoro-1-768x960.jpg 768w, https:\/\/grupposerafin.it\/wp-content\/uploads\/2024\/07\/banchi-da-lavoro-1.jpg 1080w\" sizes=\"(max-width: 819px) 100vw, 819px\" \/><\/figure>\n\n\n\n<p>Die Werkb\u00e4nke f\u00fcr Elektronik, allgemein als ESD-Werkb\u00e4nke bezeichnet, sind eine grundlegende Komponente bei der Einrichtung eines EPA-Bereichs. Jede Werkbank wird individuell auf Ma\u00df gefertigt, ausgehend von einem Rahmen und einer Arbeitsplatte, die mit einem permanenten statisch-ableitf\u00e4higen Laminat beschichtet ist.  <\/p>\n<\/div>\n\n\n\n<div class=\"wp-block-column is-layout-flow wp-block-column-is-layout-flow\">\n<figure class=\"wp-block-image size-large\"><img decoding=\"async\" width=\"819\" height=\"1024\" src=\"https:\/\/grupposerafin.it\/wp-content\/uploads\/2024\/07\/banchi-da-lavoro-2-819x1024.jpg\" alt=\"\" class=\"wp-image-10131\" title=\"\" srcset=\"https:\/\/grupposerafin.it\/wp-content\/uploads\/2024\/07\/banchi-da-lavoro-2-819x1024.jpg 819w, https:\/\/grupposerafin.it\/wp-content\/uploads\/2024\/07\/banchi-da-lavoro-2-240x300.jpg 240w, https:\/\/grupposerafin.it\/wp-content\/uploads\/2024\/07\/banchi-da-lavoro-2-768x960.jpg 768w, https:\/\/grupposerafin.it\/wp-content\/uploads\/2024\/07\/banchi-da-lavoro-2.jpg 1080w\" sizes=\"(max-width: 819px) 100vw, 819px\" \/><\/figure>\n\n\n\n<p>Zu dieser Grundausstattung k\u00f6nnen St\u00e4nder f\u00fcr die Anbringung von Blech- oder Holzregalen, elektrifizierte Schienen, Fu\u00dfst\u00fctzen, Schubladenelemente und Deckenleuchten mit Lampen hinzugef\u00fcgt werden. Jede dieser Komponenten ist nach den h\u00f6chsten Sicherheitsstandards zertifiziert und wird an die spezifischen Arbeits- und Produktionsanforderungen angepasst. <\/p>\n<\/div>\n<\/div>\n","protected":false},"excerpt":{"rendered":"<p>ESD-Werkb\u00e4nke: Sicherheit und h\u00f6chste Benutzerfreundlichkeit.<\/p>\n","protected":false},"author":3,"featured_media":10127,"parent":0,"template":"","product_cat":[287],"class_list":["post-8231","product","type-product","status-publish","has-post-thumbnail","hentry","product_cat-epa-bereich"],"acf":[],"_links":{"self":[{"href":"https:\/\/grupposerafin.it\/de\/wp-json\/wp\/v2\/product\/8231","targetHints":{"allow":["GET"]}}],"collection":[{"href":"https:\/\/grupposerafin.it\/de\/wp-json\/wp\/v2\/product"}],"about":[{"href":"https:\/\/grupposerafin.it\/de\/wp-json\/wp\/v2\/types\/product"}],"author":[{"embeddable":true,"href":"https:\/\/grupposerafin.it\/de\/wp-json\/wp\/v2\/users\/3"}],"version-history":[{"count":3,"href":"https:\/\/grupposerafin.it\/de\/wp-json\/wp\/v2\/product\/8231\/revisions"}],"predecessor-version":[{"id":12940,"href":"https:\/\/grupposerafin.it\/de\/wp-json\/wp\/v2\/product\/8231\/revisions\/12940"}],"wp:featuredmedia":[{"embeddable":true,"href":"https:\/\/grupposerafin.it\/de\/wp-json\/wp\/v2\/media\/10127"}],"wp:attachment":[{"href":"https:\/\/grupposerafin.it\/de\/wp-json\/wp\/v2\/media?parent=8231"}],"wp:term":[{"taxonomy":"product_cat","embeddable":true,"href":"https:\/\/grupposerafin.it\/de\/wp-json\/wp\/v2\/product_cat?post=8231"}],"curies":[{"name":"wp","href":"https:\/\/api.w.org\/{rel}","templated":true}]}}