{"id":8239,"date":"2019-04-11T13:31:41","date_gmt":"2019-04-11T11:31:41","guid":{"rendered":"https:\/\/grupposerafin.it\/prodotti\/leitfahige-kartonschachteln\/"},"modified":"2025-11-03T16:04:55","modified_gmt":"2025-11-03T15:04:55","slug":"leitfahige-kartonschachteln","status":"publish","type":"product","link":"https:\/\/grupposerafin.it\/de\/staticontrol-de\/leitfahige-materialien\/leitfahige-kartonschachteln\/","title":{"rendered":"Kartons aus leitf\u00e4higer Pappe"},"content":{"rendered":"\n<div class=\"wp-block-columns is-layout-flex wp-container-core-columns-is-layout-28f84493 wp-block-columns-is-layout-flex\">\n<div class=\"wp-block-column is-layout-flow wp-block-column-is-layout-flow\">\n<figure class=\"wp-block-image size-large\"><img fetchpriority=\"high\" decoding=\"async\" width=\"819\" height=\"1024\" src=\"https:\/\/grupposerafin.it\/wp-content\/uploads\/2024\/07\/scatole-cartone-1-819x1024.jpg\" alt=\"\" class=\"wp-image-10205\" title=\"\" srcset=\"https:\/\/grupposerafin.it\/wp-content\/uploads\/2024\/07\/scatole-cartone-1-819x1024.jpg 819w, https:\/\/grupposerafin.it\/wp-content\/uploads\/2024\/07\/scatole-cartone-1-240x300.jpg 240w, https:\/\/grupposerafin.it\/wp-content\/uploads\/2024\/07\/scatole-cartone-1-768x960.jpg 768w, https:\/\/grupposerafin.it\/wp-content\/uploads\/2024\/07\/scatole-cartone-1.jpg 1080w\" sizes=\"(max-width: 819px) 100vw, 819px\" \/><\/figure>\n\n\n\n<p>Die Kartons aus leitf\u00e4higer Pappe sind eine praktische und kosteng\u00fcnstige L\u00f6sung f\u00fcr die Handhabung und den Versand von empfindlichen und elektronischen Bauteilen. Diese antistatischen Kartons werden flachliegend geliefert, um erst bei Gebrauch montiert zu werden, wodurch das Lagervolumen reduziert wird. <\/p>\n<\/div>\n\n\n\n<div class=\"wp-block-column is-layout-flow wp-block-column-is-layout-flow\">\n<figure class=\"wp-block-image size-large\"><img decoding=\"async\" width=\"819\" height=\"1024\" src=\"https:\/\/grupposerafin.it\/wp-content\/uploads\/2024\/07\/scatole-cartone-2-819x1024.jpg\" alt=\"\" class=\"wp-image-10208\" title=\"\" srcset=\"https:\/\/grupposerafin.it\/wp-content\/uploads\/2024\/07\/scatole-cartone-2-819x1024.jpg 819w, https:\/\/grupposerafin.it\/wp-content\/uploads\/2024\/07\/scatole-cartone-2-240x300.jpg 240w, https:\/\/grupposerafin.it\/wp-content\/uploads\/2024\/07\/scatole-cartone-2-768x960.jpg 768w, https:\/\/grupposerafin.it\/wp-content\/uploads\/2024\/07\/scatole-cartone-2.jpg 1080w\" sizes=\"(max-width: 819px) 100vw, 819px\" \/><\/figure>\n\n\n\n<p>Sie werden mit Standard- oder kundenspezifischen Ma\u00dfen gefertigt, je nach den Bed\u00fcrfnissen des Kunden, und k\u00f6nnen mit Logos oder Firmengrafiken bedruckt werden.<\/p>\n<\/div>\n<\/div>\n","protected":false},"excerpt":{"rendered":"<p>Praktikabilit\u00e4t und Einsparungen f\u00fcr die Handhabung elektronischer Produkte.<\/p>\n","protected":false},"author":3,"featured_media":10213,"parent":0,"template":"","product_cat":[288],"class_list":["post-8239","product","type-product","status-publish","has-post-thumbnail","hentry","product_cat-leitfahige-materialien"],"acf":[],"_links":{"self":[{"href":"https:\/\/grupposerafin.it\/de\/wp-json\/wp\/v2\/product\/8239","targetHints":{"allow":["GET"]}}],"collection":[{"href":"https:\/\/grupposerafin.it\/de\/wp-json\/wp\/v2\/product"}],"about":[{"href":"https:\/\/grupposerafin.it\/de\/wp-json\/wp\/v2\/types\/product"}],"author":[{"embeddable":true,"href":"https:\/\/grupposerafin.it\/de\/wp-json\/wp\/v2\/users\/3"}],"version-history":[{"count":3,"href":"https:\/\/grupposerafin.it\/de\/wp-json\/wp\/v2\/product\/8239\/revisions"}],"predecessor-version":[{"id":13578,"href":"https:\/\/grupposerafin.it\/de\/wp-json\/wp\/v2\/product\/8239\/revisions\/13578"}],"wp:featuredmedia":[{"embeddable":true,"href":"https:\/\/grupposerafin.it\/de\/wp-json\/wp\/v2\/media\/10213"}],"wp:attachment":[{"href":"https:\/\/grupposerafin.it\/de\/wp-json\/wp\/v2\/media?parent=8239"}],"wp:term":[{"taxonomy":"product_cat","embeddable":true,"href":"https:\/\/grupposerafin.it\/de\/wp-json\/wp\/v2\/product_cat?post=8239"}],"curies":[{"name":"wp","href":"https:\/\/api.w.org\/{rel}","templated":true}]}}