{"id":8241,"date":"2019-04-11T13:33:57","date_gmt":"2019-04-11T11:33:57","guid":{"rendered":"https:\/\/grupposerafin.it\/prodotti\/wabenstrukturen-aus-leitfahigem-karton\/"},"modified":"2025-11-03T15:45:45","modified_gmt":"2025-11-03T14:45:45","slug":"wabenstrukturen-aus-leitfahigem-karton","status":"publish","type":"product","link":"https:\/\/grupposerafin.it\/de\/staticontrol-de\/leitfahige-materialien\/wabenstrukturen-aus-leitfahigem-karton\/","title":{"rendered":"Waben aus leitf\u00e4higem Karton"},"content":{"rendered":"\n<div class=\"wp-block-columns is-layout-flex wp-container-core-columns-is-layout-28f84493 wp-block-columns-is-layout-flex\">\n<div class=\"wp-block-column is-layout-flow wp-block-column-is-layout-flow\">\n<figure class=\"wp-block-image size-large\"><img fetchpriority=\"high\" decoding=\"async\" width=\"819\" height=\"1024\" src=\"https:\/\/grupposerafin.it\/wp-content\/uploads\/2024\/07\/alveari-cartone-1-819x1024.jpg\" alt=\"\" class=\"wp-image-10195\" title=\"\" srcset=\"https:\/\/grupposerafin.it\/wp-content\/uploads\/2024\/07\/alveari-cartone-1-819x1024.jpg 819w, https:\/\/grupposerafin.it\/wp-content\/uploads\/2024\/07\/alveari-cartone-1-240x300.jpg 240w, https:\/\/grupposerafin.it\/wp-content\/uploads\/2024\/07\/alveari-cartone-1-768x960.jpg 768w, https:\/\/grupposerafin.it\/wp-content\/uploads\/2024\/07\/alveari-cartone-1.jpg 1080w\" sizes=\"(max-width: 819px) 100vw, 819px\" \/><\/figure>\n\n\n\n<p>Waben aus leitf\u00e4higem Karton vereinfachen die Handhabung von elektronischen Platinen.<\/p>\n<\/div>\n\n\n\n<div class=\"wp-block-column is-layout-flow wp-block-column-is-layout-flow\">\n<figure class=\"wp-block-image size-large\"><img decoding=\"async\" width=\"819\" height=\"1024\" src=\"https:\/\/grupposerafin.it\/wp-content\/uploads\/2024\/07\/alveari-cartone-2-819x1024.jpg\" alt=\"\" class=\"wp-image-10198\" title=\"\" srcset=\"https:\/\/grupposerafin.it\/wp-content\/uploads\/2024\/07\/alveari-cartone-2-819x1024.jpg 819w, https:\/\/grupposerafin.it\/wp-content\/uploads\/2024\/07\/alveari-cartone-2-240x300.jpg 240w, https:\/\/grupposerafin.it\/wp-content\/uploads\/2024\/07\/alveari-cartone-2-768x960.jpg 768w, https:\/\/grupposerafin.it\/wp-content\/uploads\/2024\/07\/alveari-cartone-2.jpg 1080w\" sizes=\"(max-width: 819px) 100vw, 819px\" \/><\/figure>\n\n\n\n<p>Die Verpackungswaben, die f\u00fcr den Einsatz in leitf\u00e4higen Kartonboxen entwickelt wurden, bieten eine wirtschaftliche und praktische L\u00f6sung (da sie bereits montiert oder als Bausatz geliefert werden k\u00f6nnen) und sind speziell auf die Anforderungen des jeweiligen Produkts zugeschnitten.<\/p>\n<\/div>\n<\/div>\n","protected":false},"excerpt":{"rendered":"<p>Praktikabilit\u00e4t und Raummanagement mit Verpackungswaben.<\/p>\n","protected":false},"author":3,"featured_media":10203,"parent":0,"template":"","product_cat":[288],"class_list":["post-8241","product","type-product","status-publish","has-post-thumbnail","hentry","product_cat-leitfahige-materialien"],"acf":[],"_links":{"self":[{"href":"https:\/\/grupposerafin.it\/de\/wp-json\/wp\/v2\/product\/8241","targetHints":{"allow":["GET"]}}],"collection":[{"href":"https:\/\/grupposerafin.it\/de\/wp-json\/wp\/v2\/product"}],"about":[{"href":"https:\/\/grupposerafin.it\/de\/wp-json\/wp\/v2\/types\/product"}],"author":[{"embeddable":true,"href":"https:\/\/grupposerafin.it\/de\/wp-json\/wp\/v2\/users\/3"}],"version-history":[{"count":3,"href":"https:\/\/grupposerafin.it\/de\/wp-json\/wp\/v2\/product\/8241\/revisions"}],"predecessor-version":[{"id":12942,"href":"https:\/\/grupposerafin.it\/de\/wp-json\/wp\/v2\/product\/8241\/revisions\/12942"}],"wp:featuredmedia":[{"embeddable":true,"href":"https:\/\/grupposerafin.it\/de\/wp-json\/wp\/v2\/media\/10203"}],"wp:attachment":[{"href":"https:\/\/grupposerafin.it\/de\/wp-json\/wp\/v2\/media?parent=8241"}],"wp:term":[{"taxonomy":"product_cat","embeddable":true,"href":"https:\/\/grupposerafin.it\/de\/wp-json\/wp\/v2\/product_cat?post=8241"}],"curies":[{"name":"wp","href":"https:\/\/api.w.org\/{rel}","templated":true}]}}