{"id":8243,"date":"2019-04-11T13:35:27","date_gmt":"2019-04-11T11:35:27","guid":{"rendered":"https:\/\/grupposerafin.it\/prodotti\/schachteln-aus-leitfahigem-polypropylen\/"},"modified":"2025-11-03T15:43:43","modified_gmt":"2025-11-03T14:43:43","slug":"schachteln-aus-leitfahigem-polypropylen","status":"publish","type":"product","link":"https:\/\/grupposerafin.it\/de\/staticontrol-de\/leitfahige-materialien\/schachteln-aus-leitfahigem-polypropylen\/","title":{"rendered":"Schachteln aus leitf\u00e4higem Polypropylen"},"content":{"rendered":"\n<div class=\"wp-block-columns is-layout-flex wp-container-core-columns-is-layout-28f84493 wp-block-columns-is-layout-flex\">\n<div class=\"wp-block-column is-layout-flow wp-block-column-is-layout-flow\">\n<figure class=\"wp-block-image size-large\"><img fetchpriority=\"high\" decoding=\"async\" width=\"819\" height=\"1024\" src=\"https:\/\/grupposerafin.it\/wp-content\/uploads\/2024\/07\/scatole-polipropilene-1-819x1024.jpg\" alt=\"\" class=\"wp-image-10185\" title=\"\" srcset=\"https:\/\/grupposerafin.it\/wp-content\/uploads\/2024\/07\/scatole-polipropilene-1-819x1024.jpg 819w, https:\/\/grupposerafin.it\/wp-content\/uploads\/2024\/07\/scatole-polipropilene-1-240x300.jpg 240w, https:\/\/grupposerafin.it\/wp-content\/uploads\/2024\/07\/scatole-polipropilene-1-768x960.jpg 768w, https:\/\/grupposerafin.it\/wp-content\/uploads\/2024\/07\/scatole-polipropilene-1.jpg 1080w\" sizes=\"(max-width: 819px) 100vw, 819px\" \/><\/figure>\n\n\n\n<p>Die antistatischen Schachteln aus leitf\u00e4higem Polypropylen haben die gleichen Eigenschaften wie Schachteln aus leitf\u00e4higem Karton, jedoch mit einer h\u00f6heren Wiederverwendbarkeit. Die Beschaffenheit des Materials macht die Schachtel n\u00e4mlich stabiler und widerstandsf\u00e4higer und gew\u00e4hrleistet einen hohen Schutz vor St\u00f6\u00dfen auch beim Transport. <\/p>\n<\/div>\n\n\n\n<div class=\"wp-block-column is-layout-flow wp-block-column-is-layout-flow\">\n<figure class=\"wp-block-image size-large\"><img decoding=\"async\" width=\"819\" height=\"1024\" src=\"https:\/\/grupposerafin.it\/wp-content\/uploads\/2024\/07\/scatole-polipropilene-2-819x1024.jpg\" alt=\"\" class=\"wp-image-10188\" title=\"\" srcset=\"https:\/\/grupposerafin.it\/wp-content\/uploads\/2024\/07\/scatole-polipropilene-2-819x1024.jpg 819w, https:\/\/grupposerafin.it\/wp-content\/uploads\/2024\/07\/scatole-polipropilene-2-240x300.jpg 240w, https:\/\/grupposerafin.it\/wp-content\/uploads\/2024\/07\/scatole-polipropilene-2-768x960.jpg 768w, https:\/\/grupposerafin.it\/wp-content\/uploads\/2024\/07\/scatole-polipropilene-2.jpg 1080w\" sizes=\"(max-width: 819px) 100vw, 819px\" \/><\/figure>\n\n\n\n<p>Die Schachteln aus leitf\u00e4higem Polypropylen werden flach geliefert und erst zum Zeitpunkt der Verwendung aufgebaut, wodurch das Lagervolumen reduziert wird.<\/p>\n<\/div>\n<\/div>\n\n<p><\/p>\n","protected":false},"excerpt":{"rendered":"<p>Widerstandsf\u00e4hige und wiederverwendbare Verpackungen.<\/p>\n","protected":false},"author":3,"featured_media":10193,"parent":0,"template":"","product_cat":[288],"class_list":["post-8243","product","type-product","status-publish","has-post-thumbnail","hentry","product_cat-leitfahige-materialien"],"acf":[],"_links":{"self":[{"href":"https:\/\/grupposerafin.it\/de\/wp-json\/wp\/v2\/product\/8243","targetHints":{"allow":["GET"]}}],"collection":[{"href":"https:\/\/grupposerafin.it\/de\/wp-json\/wp\/v2\/product"}],"about":[{"href":"https:\/\/grupposerafin.it\/de\/wp-json\/wp\/v2\/types\/product"}],"author":[{"embeddable":true,"href":"https:\/\/grupposerafin.it\/de\/wp-json\/wp\/v2\/users\/3"}],"version-history":[{"count":3,"href":"https:\/\/grupposerafin.it\/de\/wp-json\/wp\/v2\/product\/8243\/revisions"}],"predecessor-version":[{"id":12868,"href":"https:\/\/grupposerafin.it\/de\/wp-json\/wp\/v2\/product\/8243\/revisions\/12868"}],"wp:featuredmedia":[{"embeddable":true,"href":"https:\/\/grupposerafin.it\/de\/wp-json\/wp\/v2\/media\/10193"}],"wp:attachment":[{"href":"https:\/\/grupposerafin.it\/de\/wp-json\/wp\/v2\/media?parent=8243"}],"wp:term":[{"taxonomy":"product_cat","embeddable":true,"href":"https:\/\/grupposerafin.it\/de\/wp-json\/wp\/v2\/product_cat?post=8243"}],"curies":[{"name":"wp","href":"https:\/\/api.w.org\/{rel}","templated":true}]}}