{"id":8247,"date":"2019-04-11T13:38:43","date_gmt":"2019-04-11T11:38:43","guid":{"rendered":"https:\/\/grupposerafin.it\/prodotti\/esd-behalter\/"},"modified":"2025-11-03T16:05:24","modified_gmt":"2025-11-03T15:05:24","slug":"esd-behalter","status":"publish","type":"product","link":"https:\/\/grupposerafin.it\/de\/staticontrol-de\/leitfahige-materialien\/esd-behalter\/","title":{"rendered":"ESD-Beh\u00e4lter"},"content":{"rendered":"\n<div class=\"wp-block-columns is-layout-flex wp-container-core-columns-is-layout-28f84493 wp-block-columns-is-layout-flex\">\n<div class=\"wp-block-column is-layout-flow wp-block-column-is-layout-flow\">\n<figure class=\"wp-block-image size-large\"><img fetchpriority=\"high\" decoding=\"async\" width=\"819\" height=\"1024\" src=\"https:\/\/grupposerafin.it\/wp-content\/uploads\/2024\/07\/contenitori-esd-1-819x1024.jpg\" alt=\"\" class=\"wp-image-10168\" title=\"\" srcset=\"https:\/\/grupposerafin.it\/wp-content\/uploads\/2024\/07\/contenitori-esd-1-819x1024.jpg 819w, https:\/\/grupposerafin.it\/wp-content\/uploads\/2024\/07\/contenitori-esd-1-240x300.jpg 240w, https:\/\/grupposerafin.it\/wp-content\/uploads\/2024\/07\/contenitori-esd-1-768x960.jpg 768w, https:\/\/grupposerafin.it\/wp-content\/uploads\/2024\/07\/contenitori-esd-1.jpg 1080w\" sizes=\"(max-width: 819px) 100vw, 819px\" \/><\/figure>\n\n\n\n<p>ESD- oder leitf\u00e4hige Beh\u00e4lter sind die ideale Wahl f\u00fcr die sichere Handhabung von Leiterplatten innerhalb des Unternehmens. Ihre Robustheit und Verschlei\u00dffestigkeit gew\u00e4hrleisten eine lange Nutzungsdauer und eine perfekte Unversehrtheit der darin gelagerten Produkte. <\/p>\n<\/div>\n\n\n\n<div class=\"wp-block-column is-layout-flow wp-block-column-is-layout-flow\">\n<figure class=\"wp-block-image size-large\"><img decoding=\"async\" width=\"819\" height=\"1024\" src=\"https:\/\/grupposerafin.it\/wp-content\/uploads\/2024\/07\/contenitori-esd-2-819x1024.jpg\" alt=\"\" class=\"wp-image-10171\" title=\"\" srcset=\"https:\/\/grupposerafin.it\/wp-content\/uploads\/2024\/07\/contenitori-esd-2-819x1024.jpg 819w, https:\/\/grupposerafin.it\/wp-content\/uploads\/2024\/07\/contenitori-esd-2-240x300.jpg 240w, https:\/\/grupposerafin.it\/wp-content\/uploads\/2024\/07\/contenitori-esd-2-768x960.jpg 768w, https:\/\/grupposerafin.it\/wp-content\/uploads\/2024\/07\/contenitori-esd-2.jpg 1080w\" sizes=\"(max-width: 819px) 100vw, 819px\" \/><\/figure>\n\n\n\n<p>Die antistatischen Beh\u00e4lter sind in vielen Gr\u00f6\u00dfen und Formaten erh\u00e4ltlich, k\u00f6nnen mit Deckel geliefert werden und sind leicht stapelbar.<\/p>\n\n\n\n<p>Offizieller WEZ-Vertriebspartner.<\/p>\n\n\n\n<figure class=\"wp-block-image size-full is-resized\"><img decoding=\"async\" src=\"https:\/\/grupposerafin.it\/wp-content\/uploads\/2024\/03\/MARCHIO-WEZ-SUISSE-1.jpg\" alt=\"\" class=\"wp-image-8392\" style=\"width:156px;height:auto\" title=\"\"><\/figure>\n<\/div>\n<\/div>\n","protected":false},"excerpt":{"rendered":"<p>Leitf\u00e4hige Beh\u00e4lter f\u00fcr die Komponentenhandhabung.<\/p>\n","protected":false},"author":6,"featured_media":10167,"parent":0,"template":"","product_cat":[288],"class_list":["post-8247","product","type-product","status-publish","has-post-thumbnail","hentry","product_cat-leitfahige-materialien"],"acf":[],"_links":{"self":[{"href":"https:\/\/grupposerafin.it\/de\/wp-json\/wp\/v2\/product\/8247","targetHints":{"allow":["GET"]}}],"collection":[{"href":"https:\/\/grupposerafin.it\/de\/wp-json\/wp\/v2\/product"}],"about":[{"href":"https:\/\/grupposerafin.it\/de\/wp-json\/wp\/v2\/types\/product"}],"author":[{"embeddable":true,"href":"https:\/\/grupposerafin.it\/de\/wp-json\/wp\/v2\/users\/6"}],"version-history":[{"count":3,"href":"https:\/\/grupposerafin.it\/de\/wp-json\/wp\/v2\/product\/8247\/revisions"}],"predecessor-version":[{"id":13597,"href":"https:\/\/grupposerafin.it\/de\/wp-json\/wp\/v2\/product\/8247\/revisions\/13597"}],"wp:featuredmedia":[{"embeddable":true,"href":"https:\/\/grupposerafin.it\/de\/wp-json\/wp\/v2\/media\/10167"}],"wp:attachment":[{"href":"https:\/\/grupposerafin.it\/de\/wp-json\/wp\/v2\/media?parent=8247"}],"wp:term":[{"taxonomy":"product_cat","embeddable":true,"href":"https:\/\/grupposerafin.it\/de\/wp-json\/wp\/v2\/product_cat?post=8247"}],"curies":[{"name":"wp","href":"https:\/\/api.w.org\/{rel}","templated":true}]}}