{"id":8249,"date":"2019-04-11T13:40:09","date_gmt":"2019-04-11T11:40:09","guid":{"rendered":"https:\/\/grupposerafin.it\/prodotti\/rack-systeme\/"},"modified":"2025-11-03T16:05:24","modified_gmt":"2025-11-03T15:05:24","slug":"rack-systeme","status":"publish","type":"product","link":"https:\/\/grupposerafin.it\/de\/staticontrol-de\/leitfahige-materialien\/rack-systeme\/","title":{"rendered":"Rack-Systeme"},"content":{"rendered":"\n<div class=\"wp-block-columns is-layout-flex wp-container-core-columns-is-layout-28f84493 wp-block-columns-is-layout-flex\">\n<div class=\"wp-block-column is-layout-flow wp-block-column-is-layout-flow\">\n<figure class=\"wp-block-image size-large\"><img fetchpriority=\"high\" decoding=\"async\" width=\"819\" height=\"1024\" src=\"https:\/\/grupposerafin.it\/wp-content\/uploads\/2024\/07\/sistemi-rack-1-819x1024.jpg\" alt=\"\" class=\"wp-image-10158\" title=\"\" srcset=\"https:\/\/grupposerafin.it\/wp-content\/uploads\/2024\/07\/sistemi-rack-1-819x1024.jpg 819w, https:\/\/grupposerafin.it\/wp-content\/uploads\/2024\/07\/sistemi-rack-1-240x300.jpg 240w, https:\/\/grupposerafin.it\/wp-content\/uploads\/2024\/07\/sistemi-rack-1-768x960.jpg 768w, https:\/\/grupposerafin.it\/wp-content\/uploads\/2024\/07\/sistemi-rack-1.jpg 1080w\" sizes=\"(max-width: 819px) 100vw, 819px\" \/><\/figure>\n\n\n\n<p>Rack-Systeme sind die einfachste und sicherste Methode f\u00fcr die Handhabung von Leiterplatten w\u00e4hrend der Produktion, Lagerung und des Transports. Die Aluminiumf\u00fchrungen erm\u00f6glichen eine schnelle und unbegrenzte Breitenverstellung, um sich an Karten jedes Formats anzupassen und ein H\u00f6chstma\u00df an Schutz zu gew\u00e4hrleisten. <\/p>\n<\/div>\n\n\n\n<div class=\"wp-block-column is-layout-flow wp-block-column-is-layout-flow\">\n<figure class=\"wp-block-image size-large\"><img decoding=\"async\" width=\"819\" height=\"1024\" src=\"https:\/\/grupposerafin.it\/wp-content\/uploads\/2024\/07\/sistemi-rack-2-819x1024.jpg\" alt=\"\" class=\"wp-image-10161\" title=\"\" srcset=\"https:\/\/grupposerafin.it\/wp-content\/uploads\/2024\/07\/sistemi-rack-2-819x1024.jpg 819w, https:\/\/grupposerafin.it\/wp-content\/uploads\/2024\/07\/sistemi-rack-2-240x300.jpg 240w, https:\/\/grupposerafin.it\/wp-content\/uploads\/2024\/07\/sistemi-rack-2-768x960.jpg 768w, https:\/\/grupposerafin.it\/wp-content\/uploads\/2024\/07\/sistemi-rack-2.jpg 1080w\" sizes=\"(max-width: 819px) 100vw, 819px\" \/><\/figure>\n\n\n\n<p>Sie sind in verschiedenen Gr\u00f6\u00dfen erh\u00e4ltlich und werden am besten in ESD-Beh\u00e4ltern verwendet.<\/p>\n\n\n\n<p>Offizielle WEZ-H\u00e4ndler.<\/p>\n\n\n\n<figure class=\"wp-block-image size-full is-resized\"><img decoding=\"async\" src=\"https:\/\/grupposerafin.it\/wp-content\/uploads\/2024\/03\/MARCHIO-WEZ-SUISSE.jpg\" alt=\"\" class=\"wp-image-8387\" style=\"width:168px;height:auto\" title=\"\"><\/figure>\n<\/div>\n<\/div>\n","protected":false},"excerpt":{"rendered":"<p>Sicheres und effektives Rack-Zubeh\u00f6r.<\/p>\n","protected":false},"author":6,"featured_media":10157,"parent":0,"template":"","product_cat":[288],"class_list":["post-8249","product","type-product","status-publish","has-post-thumbnail","hentry","product_cat-leitfahige-materialien"],"acf":[],"_links":{"self":[{"href":"https:\/\/grupposerafin.it\/de\/wp-json\/wp\/v2\/product\/8249","targetHints":{"allow":["GET"]}}],"collection":[{"href":"https:\/\/grupposerafin.it\/de\/wp-json\/wp\/v2\/product"}],"about":[{"href":"https:\/\/grupposerafin.it\/de\/wp-json\/wp\/v2\/types\/product"}],"author":[{"embeddable":true,"href":"https:\/\/grupposerafin.it\/de\/wp-json\/wp\/v2\/users\/6"}],"version-history":[{"count":4,"href":"https:\/\/grupposerafin.it\/de\/wp-json\/wp\/v2\/product\/8249\/revisions"}],"predecessor-version":[{"id":13583,"href":"https:\/\/grupposerafin.it\/de\/wp-json\/wp\/v2\/product\/8249\/revisions\/13583"}],"wp:featuredmedia":[{"embeddable":true,"href":"https:\/\/grupposerafin.it\/de\/wp-json\/wp\/v2\/media\/10157"}],"wp:attachment":[{"href":"https:\/\/grupposerafin.it\/de\/wp-json\/wp\/v2\/media?parent=8249"}],"wp:term":[{"taxonomy":"product_cat","embeddable":true,"href":"https:\/\/grupposerafin.it\/de\/wp-json\/wp\/v2\/product_cat?post=8249"}],"curies":[{"name":"wp","href":"https:\/\/api.w.org\/{rel}","templated":true}]}}