{"id":8251,"date":"2019-04-11T13:41:50","date_gmt":"2019-04-11T11:41:50","guid":{"rendered":"https:\/\/grupposerafin.it\/prodotti\/kundenspezifische-verpackungen\/"},"modified":"2025-11-03T15:43:43","modified_gmt":"2025-11-03T14:43:43","slug":"kundenspezifische-verpackungen","status":"publish","type":"product","link":"https:\/\/grupposerafin.it\/de\/staticontrol-de\/kundenspezifische-verpackungen\/","title":{"rendered":"Kundenspezifische Verpackungen"},"content":{"rendered":"\n<div class=\"wp-block-columns is-layout-flex wp-container-core-columns-is-layout-28f84493 wp-block-columns-is-layout-flex\">\n<div class=\"wp-block-column is-layout-flow wp-block-column-is-layout-flow\">\n<figure class=\"wp-block-image size-large\"><img fetchpriority=\"high\" decoding=\"async\" width=\"819\" height=\"1024\" src=\"https:\/\/grupposerafin.it\/wp-content\/uploads\/2024\/07\/imballaggi-personalizzati-1-819x1024.jpg\" alt=\"\" class=\"wp-image-10148\" title=\"\" srcset=\"https:\/\/grupposerafin.it\/wp-content\/uploads\/2024\/07\/imballaggi-personalizzati-1-819x1024.jpg 819w, https:\/\/grupposerafin.it\/wp-content\/uploads\/2024\/07\/imballaggi-personalizzati-1-240x300.jpg 240w, https:\/\/grupposerafin.it\/wp-content\/uploads\/2024\/07\/imballaggi-personalizzati-1-768x960.jpg 768w, https:\/\/grupposerafin.it\/wp-content\/uploads\/2024\/07\/imballaggi-personalizzati-1.jpg 1080w\" sizes=\"(max-width: 819px) 100vw, 819px\" \/><\/figure>\n\n\n\n<p>Jede Anforderung unserer Kunden wird in kundenspezifische Verpackungen umgesetzt. Die produktive Flexibilit\u00e4t des Schaums und anderer Staticontrol-Produkte erm\u00f6glicht die Entwicklung von L\u00f6sungen, die Ihre elektronischen Komponenten und Produkte optimal umschlie\u00dfen und sch\u00fctzen. <\/p>\n<\/div>\n\n\n\n<div class=\"wp-block-column is-layout-flow wp-block-column-is-layout-flow\">\n<figure class=\"wp-block-image size-large\"><img decoding=\"async\" width=\"819\" height=\"1024\" src=\"https:\/\/grupposerafin.it\/wp-content\/uploads\/2024\/07\/imballaggi-personalizzati-2-819x1024.jpg\" alt=\"\" class=\"wp-image-10151\" title=\"\" srcset=\"https:\/\/grupposerafin.it\/wp-content\/uploads\/2024\/07\/imballaggi-personalizzati-2-819x1024.jpg 819w, https:\/\/grupposerafin.it\/wp-content\/uploads\/2024\/07\/imballaggi-personalizzati-2-240x300.jpg 240w, https:\/\/grupposerafin.it\/wp-content\/uploads\/2024\/07\/imballaggi-personalizzati-2-768x960.jpg 768w, https:\/\/grupposerafin.it\/wp-content\/uploads\/2024\/07\/imballaggi-personalizzati-2.jpg 1080w\" sizes=\"(max-width: 819px) 100vw, 819px\" \/><\/figure>\n\n\n\n<p>Unser technisches B\u00fcro arbeitet mit dem Kunden zusammen, um stets einzigartige Projekte zu entwickeln und sicherzustellen, dass wir wirklich n\u00fctzliche L\u00f6sungen anbieten, die Zeit sparen und Kosten senken.<\/p>\n<\/div>\n<\/div>\n","protected":false},"excerpt":{"rendered":"<p>Kundenspezifische und massgeschneiderte Entwicklung<\/p>\n","protected":false},"author":3,"featured_media":10147,"parent":0,"template":"","product_cat":[321],"class_list":["post-8251","product","type-product","status-publish","has-post-thumbnail","hentry","product_cat-staticontrol-de"],"acf":[],"_links":{"self":[{"href":"https:\/\/grupposerafin.it\/de\/wp-json\/wp\/v2\/product\/8251","targetHints":{"allow":["GET"]}}],"collection":[{"href":"https:\/\/grupposerafin.it\/de\/wp-json\/wp\/v2\/product"}],"about":[{"href":"https:\/\/grupposerafin.it\/de\/wp-json\/wp\/v2\/types\/product"}],"author":[{"embeddable":true,"href":"https:\/\/grupposerafin.it\/de\/wp-json\/wp\/v2\/users\/3"}],"version-history":[{"count":3,"href":"https:\/\/grupposerafin.it\/de\/wp-json\/wp\/v2\/product\/8251\/revisions"}],"predecessor-version":[{"id":12871,"href":"https:\/\/grupposerafin.it\/de\/wp-json\/wp\/v2\/product\/8251\/revisions\/12871"}],"wp:featuredmedia":[{"embeddable":true,"href":"https:\/\/grupposerafin.it\/de\/wp-json\/wp\/v2\/media\/10147"}],"wp:attachment":[{"href":"https:\/\/grupposerafin.it\/de\/wp-json\/wp\/v2\/media?parent=8251"}],"wp:term":[{"taxonomy":"product_cat","embeddable":true,"href":"https:\/\/grupposerafin.it\/de\/wp-json\/wp\/v2\/product_cat?post=8251"}],"curies":[{"name":"wp","href":"https:\/\/api.w.org\/{rel}","templated":true}]}}